{"id":10663,"date":"2022-01-25T13:11:54","date_gmt":"2022-01-25T16:11:54","guid":{"rendered":"https:\/\/sergiomercurio.com.ar\/web\/?page_id=10663"},"modified":"2024-01-14T15:54:52","modified_gmt":"2024-01-14T18:54:52","slug":"inscripcion-el-placer-de-la-escritura","status":"publish","type":"page","link":"https:\/\/sergiomercurio.com.ar\/web\/inscripcion-el-placer-de-la-escritura\/","title":{"rendered":"Inscripci\u00f3n &#8211; El Placer de la Escritura"},"content":{"rendered":"\t\t<div data-elementor-type=\"wp-page\" data-elementor-id=\"10663\" class=\"elementor elementor-10663\" data-elementor-post-type=\"page\">\n\t\t\t\t\t\t<section class=\"elementor-section elementor-top-section elementor-element elementor-element-5a89dc5 elementor-section-content-middle elementor-section-boxed elementor-section-height-default elementor-section-height-default elementor-invisible\" data-id=\"5a89dc5\" data-element_type=\"section\" data-settings=\"{&quot;background_background&quot;:&quot;classic&quot;,&quot;animation&quot;:&quot;slideInLeft&quot;}\">\n\t\t\t\t\t\t<div class=\"elementor-container elementor-column-gap-no\">\n\t\t\t\t\t<div class=\"elementor-column elementor-col-100 elementor-top-column elementor-element elementor-element-a998a18\" data-id=\"a998a18\" data-element_type=\"column\">\n\t\t\t<div class=\"elementor-widget-wrap elementor-element-populated\">\n\t\t\t\t\t\t<div class=\"elementor-element elementor-element-84cdfce elementor-widget elementor-widget-heading\" data-id=\"84cdfce\" data-element_type=\"widget\" data-widget_type=\"heading.default\">\n\t\t\t\t<div class=\"elementor-widget-container\">\n\t\t\t\t\t<h4 class=\"elementor-heading-title elementor-size-default\">Completa el forulario<\/h4>\t\t\t\t<\/div>\n\t\t\t\t<\/div>\n\t\t\t\t<div class=\"elementor-element elementor-element-70d48d2 elementor-widget elementor-widget-heading\" data-id=\"70d48d2\" data-element_type=\"widget\" data-widget_type=\"heading.default\">\n\t\t\t\t<div class=\"elementor-widget-container\">\n\t\t\t\t\t<h6 class=\"elementor-heading-title elementor-size-default\">CONTIENE CAMPOS OBLIGATORIOS<\/h6>\t\t\t\t<\/div>\n\t\t\t\t<\/div>\n\t\t\t\t<section class=\"elementor-section elementor-inner-section elementor-element elementor-element-423cdad elementor-section-content-middle elementor-section-boxed elementor-section-height-default elementor-section-height-default\" data-id=\"423cdad\" data-element_type=\"section\">\n\t\t\t\t\t\t<div class=\"elementor-container elementor-column-gap-wide\">\n\t\t\t\t\t<div class=\"elementor-column elementor-col-50 elementor-inner-column elementor-element elementor-element-39f0a1f\" data-id=\"39f0a1f\" data-element_type=\"column\">\n\t\t\t<div class=\"elementor-widget-wrap elementor-element-populated\">\n\t\t\t\t\t\t<div class=\"elementor-element elementor-element-a1d82da elementor-widget elementor-widget-heading\" data-id=\"a1d82da\" data-element_type=\"widget\" data-widget_type=\"heading.default\">\n\t\t\t\t<div class=\"elementor-widget-container\">\n\t\t\t\t\t<h4 class=\"elementor-heading-title elementor-size-default\">Cursado:<\/h4>\t\t\t\t<\/div>\n\t\t\t\t<\/div>\n\t\t\t\t<div class=\"elementor-element elementor-element-e52cafc elementor-widget elementor-widget-text-editor\" data-id=\"e52cafc\" data-element_type=\"widget\" data-widget_type=\"text-editor.default\">\n\t\t\t\t<div class=\"elementor-widget-container\">\n\t\t\t\t\t\t\t\t\t<p style=\"text-align: center;\">S\u00e1bados de 15 a 18 horas Argentina- 14 a 17 Chile Bolivia 13 1 17 Ecuador 12 a 15 Centroam\u00e9rica<\/p>\t\t\t\t\t\t\t\t<\/div>\n\t\t\t\t<\/div>\n\t\t\t\t<div class=\"elementor-element elementor-element-69ace86 elementor-widget elementor-widget-heading\" data-id=\"69ace86\" data-element_type=\"widget\" data-widget_type=\"heading.default\">\n\t\t\t\t<div class=\"elementor-widget-container\">\n\t\t\t\t\t<h4 class=\"elementor-heading-title elementor-size-default\">Costo del Taller:<\/h4>\t\t\t\t<\/div>\n\t\t\t\t<\/div>\n\t\t\t\t<div class=\"elementor-element elementor-element-a20ef26 elementor-widget elementor-widget-text-editor\" data-id=\"a20ef26\" data-element_type=\"widget\" data-widget_type=\"text-editor.default\">\n\t\t\t\t<div class=\"elementor-widget-container\">\n\t\t\t\t\t\t\t\t\t<p><strong>$ 1.500 (Argentina)<\/strong><\/p><p><strong>U$D 10 (otros paises)<\/strong><\/p><p style=\"text-align: center;\">(Al enviar el formulario recibir\u00e1s la informaci\u00f3n para el dep\u00f3sito)<\/p>\t\t\t\t\t\t\t\t<\/div>\n\t\t\t\t<\/div>\n\t\t\t\t<div class=\"elementor-element elementor-element-803f04f elementor-widget elementor-widget-heading\" data-id=\"803f04f\" data-element_type=\"widget\" data-widget_type=\"heading.default\">\n\t\t\t\t<div class=\"elementor-widget-container\">\n\t\t\t\t\t<h4 class=\"elementor-heading-title elementor-size-default\">Dudas y consultas:<\/h4>\t\t\t\t<\/div>\n\t\t\t\t<\/div>\n\t\t\t\t<div class=\"elementor-element elementor-element-dfcad54 elementor-widget elementor-widget-heading\" data-id=\"dfcad54\" data-element_type=\"widget\" data-widget_type=\"heading.default\">\n\t\t\t\t<div class=\"elementor-widget-container\">\n\t\t\t\t\t<h6 class=\"elementor-heading-title elementor-size-default\"><a href=\"https:\/\/sergiomercurio.com.ar\/web\/contacto\/\" target=\"_blank\">sergio.mercurio@gmail.com<\/a><\/h6>\t\t\t\t<\/div>\n\t\t\t\t<\/div>\n\t\t\t\t<div class=\"elementor-element elementor-element-c23ffad e-grid-align-left elementor-shape-rounded elementor-grid-0 elementor-widget elementor-widget-social-icons\" data-id=\"c23ffad\" data-element_type=\"widget\" data-widget_type=\"social-icons.default\">\n\t\t\t\t<div class=\"elementor-widget-container\">\n\t\t\t\t\t\t\t<div class=\"elementor-social-icons-wrapper elementor-grid\" role=\"list\">\n\t\t\t\t\t\t\t<span class=\"elementor-grid-item\" role=\"listitem\">\n\t\t\t\t\t<a class=\"elementor-icon elementor-social-icon elementor-social-icon-facebook-f elementor-animation-grow elementor-repeater-item-2d0da0c\" href=\"https:\/\/www.facebook.com\/people\/Sergio-Mercurio\/1196226319\/\" target=\"_blank\">\n\t\t\t\t\t\t<span class=\"elementor-screen-only\">Facebook-f<\/span>\n\t\t\t\t\t\t<i aria-hidden=\"true\" class=\"fab fa-facebook-f\"><\/i>\t\t\t\t\t<\/a>\n\t\t\t\t<\/span>\n\t\t\t\t\t\t\t<span class=\"elementor-grid-item\" role=\"listitem\">\n\t\t\t\t\t<a class=\"elementor-icon elementor-social-icon elementor-social-icon-youtube elementor-animation-grow elementor-repeater-item-6035fd3\" href=\"https:\/\/www.youtube.com\/user\/sergiomercurio1\" target=\"_blank\">\n\t\t\t\t\t\t<span class=\"elementor-screen-only\">Youtube<\/span>\n\t\t\t\t\t\t<i aria-hidden=\"true\" class=\"fab fa-youtube\"><\/i>\t\t\t\t\t<\/a>\n\t\t\t\t<\/span>\n\t\t\t\t\t\t\t<span class=\"elementor-grid-item\" role=\"listitem\">\n\t\t\t\t\t<a class=\"elementor-icon elementor-social-icon elementor-social-icon-vimeo elementor-animation-grow elementor-repeater-item-12d4271\" href=\"https:\/\/vimeo.com\/user12218532\" target=\"_blank\">\n\t\t\t\t\t\t<span class=\"elementor-screen-only\">Vimeo<\/span>\n\t\t\t\t\t\t<i aria-hidden=\"true\" class=\"fab fa-vimeo\"><\/i>\t\t\t\t\t<\/a>\n\t\t\t\t<\/span>\n\t\t\t\t\t\t\t<span class=\"elementor-grid-item\" role=\"listitem\">\n\t\t\t\t\t<a class=\"elementor-icon elementor-social-icon elementor-social-icon-instagram elementor-animation-grow elementor-repeater-item-89c46af\" href=\"https:\/\/www.instagram.com\/sergio_.mercurio\/\" target=\"_blank\">\n\t\t\t\t\t\t<span class=\"elementor-screen-only\">Instagram<\/span>\n\t\t\t\t\t\t<i aria-hidden=\"true\" class=\"fab fa-instagram\"><\/i>\t\t\t\t\t<\/a>\n\t\t\t\t<\/span>\n\t\t\t\t\t<\/div>\n\t\t\t\t\t\t<\/div>\n\t\t\t\t<\/div>\n\t\t\t\t\t<\/div>\n\t\t<\/div>\n\t\t\t\t<div class=\"elementor-column elementor-col-50 elementor-inner-column elementor-element elementor-element-d806c2d\" data-id=\"d806c2d\" data-element_type=\"column\">\n\t\t\t<div class=\"elementor-widget-wrap elementor-element-populated\">\n\t\t\t\t\t\t<div class=\"elementor-element elementor-element-a0797d7 elementor-button-align-start elementor-widget elementor-widget-form\" data-id=\"a0797d7\" data-element_type=\"widget\" data-settings=\"{&quot;step_next_label&quot;:&quot;Next&quot;,&quot;step_previous_label&quot;:&quot;Previous&quot;,&quot;button_width&quot;:&quot;100&quot;,&quot;step_type&quot;:&quot;number_text&quot;,&quot;step_icon_shape&quot;:&quot;circle&quot;}\" data-widget_type=\"form.default\">\n\t\t\t\t<div class=\"elementor-widget-container\">\n\t\t\t\t\t\t\t<form class=\"elementor-form\" method=\"post\" name=\"El Placer de la Escritura\" aria-label=\"El Placer de la Escritura\">\n\t\t\t<input type=\"hidden\" name=\"post_id\" value=\"10663\"\/>\n\t\t\t<input type=\"hidden\" name=\"form_id\" value=\"a0797d7\"\/>\n\t\t\t<input type=\"hidden\" name=\"referer_title\" value=\"ECHADO DE LA LIBRERIA\" \/>\n\n\t\t\t\n\t\t\t<div class=\"elementor-form-fields-wrapper elementor-labels-above\">\n\t\t\t\t\t\t\t\t<div class=\"elementor-field-type-text elementor-field-group elementor-column elementor-field-group-name elementor-col-100 elementor-field-required elementor-mark-required\">\n\t\t\t\t\t\t\t\t\t\t\t\t<label for=\"form-field-name\" class=\"elementor-field-label\">\n\t\t\t\t\t\t\t\tNombre y Apellido\t\t\t\t\t\t\t<\/label>\n\t\t\t\t\t\t\t\t\t\t\t\t\t\t<input size=\"1\" type=\"text\" name=\"form_fields[name]\" id=\"form-field-name\" class=\"elementor-field elementor-size-sm  elementor-field-textual\" placeholder=\"Tu respuesta\" required=\"required\">\n\t\t\t\t\t\t\t\t\t\t\t<\/div>\n\t\t\t\t\t\t\t\t<div class=\"elementor-field-type-email elementor-field-group elementor-column elementor-field-group-email elementor-col-100 elementor-field-required elementor-mark-required\">\n\t\t\t\t\t\t\t\t\t\t\t\t<label for=\"form-field-email\" class=\"elementor-field-label\">\n\t\t\t\t\t\t\t\tCorreo electr\u00f3nico\t\t\t\t\t\t\t<\/label>\n\t\t\t\t\t\t\t\t\t\t\t\t\t\t<input size=\"1\" type=\"email\" name=\"form_fields[email]\" id=\"form-field-email\" class=\"elementor-field elementor-size-sm  elementor-field-textual\" placeholder=\"Tu direcci\u00f3n de correo electr\u00f3nico\" required=\"required\">\n\t\t\t\t\t\t\t\t\t\t\t<\/div>\n\t\t\t\t\t\t\t\t<div class=\"elementor-field-type-text elementor-field-group elementor-column elementor-field-group-field_bf0614e elementor-col-100 elementor-field-required elementor-mark-required\">\n\t\t\t\t\t\t\t\t\t\t\t\t<label for=\"form-field-field_bf0614e\" class=\"elementor-field-label\">\n\t\t\t\t\t\t\t\tLugar de residencia , ciudad y Pa\u00eds\t\t\t\t\t\t\t<\/label>\n\t\t\t\t\t\t\t\t\t\t\t\t\t\t<input size=\"1\" type=\"text\" name=\"form_fields[field_bf0614e]\" id=\"form-field-field_bf0614e\" class=\"elementor-field elementor-size-sm  elementor-field-textual\" placeholder=\"Tu respuesta\" required=\"required\">\n\t\t\t\t\t\t\t\t\t\t\t<\/div>\n\t\t\t\t\t\t\t\t<div class=\"elementor-field-type-textarea elementor-field-group elementor-column elementor-field-group-message elementor-col-100 elementor-field-required elementor-mark-required\">\n\t\t\t\t\t\t\t\t\t\t\t\t<label for=\"form-field-message\" class=\"elementor-field-label\">\n\t\t\t\t\t\t\t\t\u00bfQu\u00e9 te interesa aprender, practicar o conocer con respecto a tu escritura? \t\t\t\t\t\t\t<\/label>\n\t\t\t\t\t\t<textarea class=\"elementor-field-textual elementor-field  elementor-size-sm\" name=\"form_fields[message]\" id=\"form-field-message\" rows=\"4\" placeholder=\"Tu respuesta\" required=\"required\"><\/textarea>\t\t\t\t<\/div>\n\t\t\t\t\t\t\t\t<div class=\"elementor-field-type-checkbox elementor-field-group elementor-column elementor-field-group-field_76772b5 elementor-col-100\">\n\t\t\t\t\t\t\t\t\t\t\t\t<label for=\"form-field-field_76772b5\" class=\"elementor-field-label\">\n\t\t\t\t\t\t\t\tCon respecto a vos y la escritura\t\t\t\t\t\t\t<\/label>\n\t\t\t\t\t\t<div class=\"elementor-field-subgroup  \"><span class=\"elementor-field-option\"><input type=\"checkbox\" value=\"Escribo muy de vez en cuando\" id=\"form-field-field_76772b5-0\" name=\"form_fields[field_76772b5][]\"> <label for=\"form-field-field_76772b5-0\">Escribo muy de vez en cuando<\/label><\/span><span class=\"elementor-field-option\"><input type=\"checkbox\" value=\"Tengo ideas pero me trabo mucho\" id=\"form-field-field_76772b5-1\" name=\"form_fields[field_76772b5][]\"> <label for=\"form-field-field_76772b5-1\">Tengo ideas pero me trabo mucho<\/label><\/span><span class=\"elementor-field-option\"><input type=\"checkbox\" value=\"Estoy hace tiempo con una idea concreta y no s\u00e9 por donde empezar\" id=\"form-field-field_76772b5-2\" name=\"form_fields[field_76772b5][]\"> <label for=\"form-field-field_76772b5-2\">Estoy hace tiempo con una idea concreta y no s\u00e9 por donde empezar<\/label><\/span><span class=\"elementor-field-option\"><input type=\"checkbox\" value=\"Empec\u00e9 a escribir pero no s\u00e9 como seguir\" id=\"form-field-field_76772b5-3\" name=\"form_fields[field_76772b5][]\"> <label for=\"form-field-field_76772b5-3\">Empec\u00e9 a escribir pero no s\u00e9 como seguir<\/label><\/span><span class=\"elementor-field-option\"><input type=\"checkbox\" value=\"Me gusta pero no se porque no lo hago\" id=\"form-field-field_76772b5-4\" name=\"form_fields[field_76772b5][]\"> <label for=\"form-field-field_76772b5-4\">Me gusta pero no se porque no lo hago<\/label><\/span><\/div>\t\t\t\t<\/div>\n\t\t\t\t\t\t\t\t<div class=\"elementor-field-type-textarea elementor-field-group elementor-column elementor-field-group-field_3e5dc01 elementor-col-100 elementor-field-required elementor-mark-required\">\n\t\t\t\t\t\t\t\t\t\t\t\t<label for=\"form-field-field_3e5dc01\" class=\"elementor-field-label\">\n\t\t\t\t\t\t\t\tDesarrolla aqu\u00ed lo que desees comunicarme con respecto a tu relaci\u00f3n con la escritura. Quiero tenerte especialmente en cuenta .\t\t\t\t\t\t\t<\/label>\n\t\t\t\t\t\t<textarea class=\"elementor-field-textual elementor-field  elementor-size-sm\" name=\"form_fields[field_3e5dc01]\" id=\"form-field-field_3e5dc01\" rows=\"4\" placeholder=\"Tu respuesta\" required=\"required\"><\/textarea>\t\t\t\t<\/div>\n\t\t\t\t\t\t\t\t<div class=\"elementor-field-type-textarea elementor-field-group elementor-column elementor-field-group-field_4ab31df elementor-col-100 elementor-field-required elementor-mark-required\">\n\t\t\t\t\t\t\t\t\t\t\t\t<label for=\"form-field-field_4ab31df\" class=\"elementor-field-label\">\n\t\t\t\t\t\t\t\t\u00bfC\u00d3MO CONOCES A SERGIO?\t\t\t\t\t\t\t<\/label>\n\t\t\t\t\t\t<textarea class=\"elementor-field-textual elementor-field  elementor-size-sm\" name=\"form_fields[field_4ab31df]\" id=\"form-field-field_4ab31df\" rows=\"4\" placeholder=\"Tu rerspuesta\" required=\"required\"><\/textarea>\t\t\t\t<\/div>\n\t\t\t\t\t\t\t\t<div class=\"elementor-field-type-radio elementor-field-group elementor-column elementor-field-group-field_5febe05 elementor-col-100 elementor-field-required elementor-mark-required\">\n\t\t\t\t\t\t\t\t\t\t\t\t<label for=\"form-field-field_5febe05\" class=\"elementor-field-label\">\n\t\t\t\t\t\t\t\t\u00bfC\u00d3MO DESEAS PAGAR?\t\t\t\t\t\t\t<\/label>\n\t\t\t\t\t\t<div class=\"elementor-field-subgroup  \"><span class=\"elementor-field-option\"><input type=\"radio\" value=\"Transferencia bancaria (Argentina)\" id=\"form-field-field_5febe05-0\" name=\"form_fields[field_5febe05]\" required=\"required\"> <label for=\"form-field-field_5febe05-0\">Transferencia bancaria (Argentina)<\/label><\/span><span class=\"elementor-field-option\"><input type=\"radio\" value=\"Mercado Pago\" id=\"form-field-field_5febe05-1\" name=\"form_fields[field_5febe05]\" required=\"required\"> <label for=\"form-field-field_5febe05-1\">Mercado Pago<\/label><\/span><span class=\"elementor-field-option\"><input type=\"radio\" value=\"PayPal\" id=\"form-field-field_5febe05-2\" name=\"form_fields[field_5febe05]\" required=\"required\"> <label for=\"form-field-field_5febe05-2\">PayPal<\/label><\/span><\/div>\t\t\t\t<\/div>\n\t\t\t\t\t\t\t\t<div class=\"elementor-field-type-checkbox elementor-field-group elementor-column elementor-field-group-field_16548b0 elementor-col-100\">\n\t\t\t\t\t\t\t\t\t\t\t\t<label for=\"form-field-field_16548b0\" class=\"elementor-field-label\">\n\t\t\t\t\t\t\t\tSuscribirse\t\t\t\t\t\t\t<\/label>\n\t\t\t\t\t\t<div class=\"elementor-field-subgroup  \"><span class=\"elementor-field-option\"><input type=\"checkbox\" value=\"Recibir las novedades del sitio por mail.\" id=\"form-field-field_16548b0-0\" name=\"form_fields[field_16548b0]\"> <label for=\"form-field-field_16548b0-0\">Recibir las novedades del sitio por mail.<\/label><\/span><\/div>\t\t\t\t<\/div>\n\t\t\t\t\t\t\t\t<div class=\"elementor-field-type-recaptcha_v3 elementor-field-group elementor-column elementor-field-group-field_36a5bcb elementor-col-100 recaptcha_v3-bottomright\">\n\t\t\t\t\t<div class=\"elementor-field\" id=\"form-field-field_36a5bcb\"><div class=\"elementor-g-recaptcha\" data-sitekey=\"6LcSWFgbAAAAANFMRXWKgWrqFyyNLMGTJjgxVQ5m\" data-type=\"v3\" data-action=\"Form\" data-badge=\"bottomright\" data-size=\"invisible\"><\/div><\/div>\t\t\t\t<\/div>\n\t\t\t\t\t\t\t\t<div class=\"elementor-field-group elementor-column elementor-field-type-submit elementor-col-100 e-form__buttons\">\n\t\t\t\t\t<button class=\"elementor-button elementor-size-sm elementor-animation-grow\" type=\"submit\">\n\t\t\t\t\t\t<span class=\"elementor-button-content-wrapper\">\n\t\t\t\t\t\t\t\t\t\t\t\t\t\t\t\t\t\t\t\t\t\t<span class=\"elementor-button-text\">Enviar Inscripci\u00f3n<\/span>\n\t\t\t\t\t\t\t\t\t\t\t\t\t<\/span>\n\t\t\t\t\t<\/button>\n\t\t\t\t<\/div>\n\t\t\t<\/div>\n\t\t<\/form>\n\t\t\t\t\t\t<\/div>\n\t\t\t\t<\/div>\n\t\t\t\t\t<\/div>\n\t\t<\/div>\n\t\t\t\t\t<\/div>\n\t\t<\/section>\n\t\t\t\t\t<\/div>\n\t\t<\/div>\n\t\t\t\t\t<\/div>\n\t\t<\/section>\n\t\t\t\t<\/div>\n\t\t","protected":false},"excerpt":{"rendered":"<p>Completa el forulario CONTIENE CAMPOS OBLIGATORIOS Cursado: S\u00e1bados de 15 a 18 horas Argentina- 14 a 17 Chile Bolivia 13 1 17 Ecuador 12 a 15 Centroam\u00e9rica Costo del Taller: $ 1.500 (Argentina) U$D 10 (otros paises) (Al enviar el formulario recibir\u00e1s la informaci\u00f3n para el dep\u00f3sito) Dudas y consultas: sergio.mercurio@gmail.com Facebook-f Youtube Vimeo Instagram<\/p>\n","protected":false},"author":1,"featured_media":0,"parent":0,"menu_order":0,"comment_status":"closed","ping_status":"closed","template":"","meta":{"ngg_post_thumbnail":0,"footnotes":""},"categories":[62,1,5,10,335,329,52,99,89,4,78,94,77,64,63,66,282,51,270,48,315,88,104,107,95,96],"tags":[],"class_list":["post-10663","page","type-page","status-publish","hentry","category-articulos","category-borrador","category-charlas-noticias","category-cositas","category-cronica-de-miedo","category-de-otros","category-dibujos","category-echado-de-la-libreria","category-ensayo-roberto-franco-cast","category-medios","category-estudiantes","category-formaciones","category-jardin-ui","category-libro","category-material-jardin","category-obras","category-pelotudeces","category-podcast","category-poesia","category-portada","category-relatos","category-roberto-franco","category-tekenika","category-tekenika-podcast","category-viejos","category-viejos-de-mi"],"_links":{"self":[{"href":"https:\/\/sergiomercurio.com.ar\/web\/wp-json\/wp\/v2\/pages\/10663","targetHints":{"allow":["GET"]}}],"collection":[{"href":"https:\/\/sergiomercurio.com.ar\/web\/wp-json\/wp\/v2\/pages"}],"about":[{"href":"https:\/\/sergiomercurio.com.ar\/web\/wp-json\/wp\/v2\/types\/page"}],"author":[{"embeddable":true,"href":"https:\/\/sergiomercurio.com.ar\/web\/wp-json\/wp\/v2\/users\/1"}],"replies":[{"embeddable":true,"href":"https:\/\/sergiomercurio.com.ar\/web\/wp-json\/wp\/v2\/comments?post=10663"}],"version-history":[{"count":0,"href":"https:\/\/sergiomercurio.com.ar\/web\/wp-json\/wp\/v2\/pages\/10663\/revisions"}],"wp:attachment":[{"href":"https:\/\/sergiomercurio.com.ar\/web\/wp-json\/wp\/v2\/media?parent=10663"}],"wp:term":[{"taxonomy":"category","embeddable":true,"href":"https:\/\/sergiomercurio.com.ar\/web\/wp-json\/wp\/v2\/categories?post=10663"},{"taxonomy":"post_tag","embeddable":true,"href":"https:\/\/sergiomercurio.com.ar\/web\/wp-json\/wp\/v2\/tags?post=10663"}],"curies":[{"name":"wp","href":"https:\/\/api.w.org\/{rel}","templated":true}]}}