{"id":10771,"date":"2022-02-17T13:13:11","date_gmt":"2022-02-17T16:13:11","guid":{"rendered":"https:\/\/sergiomercurio.com.ar\/web\/?page_id=10771"},"modified":"2024-01-14T15:54:52","modified_gmt":"2024-01-14T18:54:52","slug":"relatos-de-viernes","status":"publish","type":"page","link":"https:\/\/sergiomercurio.com.ar\/web\/relatos-de-viernes\/","title":{"rendered":"RELATOS DE VIERNES"},"content":{"rendered":"\t\t<div data-elementor-type=\"wp-page\" data-elementor-id=\"10771\" class=\"elementor elementor-10771\" data-elementor-post-type=\"page\">\n\t\t\t\t\t\t<section class=\"elementor-section elementor-top-section elementor-element elementor-element-b72740f elementor-section-boxed elementor-section-height-default elementor-section-height-default\" data-id=\"b72740f\" data-element_type=\"section\">\n\t\t\t\t\t\t<div class=\"elementor-container elementor-column-gap-default\">\n\t\t\t\t\t<div class=\"elementor-column elementor-col-100 elementor-top-column elementor-element elementor-element-2359dff\" data-id=\"2359dff\" data-element_type=\"column\">\n\t\t\t<div class=\"elementor-widget-wrap elementor-element-populated\">\n\t\t\t\t\t\t<div class=\"elementor-element elementor-element-fe6176d elementor-widget elementor-widget-text-editor\" data-id=\"fe6176d\" data-element_type=\"widget\" data-widget_type=\"text-editor.default\">\n\t\t\t\t<div class=\"elementor-widget-container\">\n\t\t\t\t\t\t\t\t\t\n<p class=\"has-drop-cap eplus-wrapper\">Tengo una amiga que es profesora de literatura que me ha dicho que yo no hago literatura, que en mis textos parece que estoy hablando.  A mi eso me encanta, <\/p>\n\t\t\t\t\t\t\t\t<\/div>\n\t\t\t\t<\/div>\n\t\t\t\t\t<\/div>\n\t\t<\/div>\n\t\t\t\t\t<\/div>\n\t\t<\/section>\n\t\t\t\t<section class=\"elementor-section elementor-top-section elementor-element elementor-element-4255272 elementor-section-content-middle elementor-section-boxed elementor-section-height-default elementor-section-height-default\" data-id=\"4255272\" data-element_type=\"section\" data-settings=\"{&quot;background_background&quot;:&quot;classic&quot;}\">\n\t\t\t\t\t\t<div class=\"elementor-container elementor-column-gap-default\">\n\t\t\t\t\t<div class=\"elementor-column elementor-col-50 elementor-top-column elementor-element elementor-element-47b0ed1\" data-id=\"47b0ed1\" data-element_type=\"column\">\n\t\t\t<div class=\"elementor-widget-wrap elementor-element-populated\">\n\t\t\t\t\t\t<div class=\"elementor-element elementor-element-2c70a66 elementor-widget elementor-widget-heading\" data-id=\"2c70a66\" data-element_type=\"widget\" data-widget_type=\"heading.default\">\n\t\t\t\t<div class=\"elementor-widget-container\">\n\t\t\t\t\t<div class=\"elementor-heading-title elementor-size-default\">Suscribite y recib\u00ed todos los viernes en tu mail un nuevo relato.<\/div>\t\t\t\t<\/div>\n\t\t\t\t<\/div>\n\t\t\t\t\t<\/div>\n\t\t<\/div>\n\t\t\t\t<div class=\"elementor-column elementor-col-50 elementor-top-column elementor-element elementor-element-30d2ef0\" data-id=\"30d2ef0\" data-element_type=\"column\">\n\t\t\t<div class=\"elementor-widget-wrap elementor-element-populated\">\n\t\t\t\t\t\t<div class=\"elementor-element elementor-element-eb64926 elementor-align-left elementor-widget__width-initial elementor-widget-mobile__width-auto elementor-widget elementor-widget-button\" data-id=\"eb64926\" data-element_type=\"widget\" data-widget_type=\"button.default\">\n\t\t\t\t<div class=\"elementor-widget-container\">\n\t\t\t\t\t\t\t\t\t<div class=\"elementor-button-wrapper\">\n\t\t\t\t\t<a class=\"elementor-button elementor-button-link elementor-size-sm elementor-animation-pulse-grow\" href=\"https:\/\/sergiomercurio.substack.com\/\" target=\"_blank\">\n\t\t\t\t\t\t<span class=\"elementor-button-content-wrapper\">\n\t\t\t\t\t\t<span class=\"elementor-button-icon\">\n\t\t\t\t<i aria-hidden=\"true\" class=\"far fa-bell\"><\/i>\t\t\t<\/span>\n\t\t\t\t\t\t\t\t\t<span class=\"elementor-button-text\">Suscribirse<\/span>\n\t\t\t\t\t<\/span>\n\t\t\t\t\t<\/a>\n\t\t\t\t<\/div>\n\t\t\t\t\t\t\t\t<\/div>\n\t\t\t\t<\/div>\n\t\t\t\t\t<\/div>\n\t\t<\/div>\n\t\t\t\t\t<\/div>\n\t\t<\/section>\n\t\t\t\t<section class=\"elementor-section elementor-top-section elementor-element elementor-element-e900118 elementor-section-boxed elementor-section-height-default elementor-section-height-default\" data-id=\"e900118\" data-element_type=\"section\">\n\t\t\t\t\t\t<div class=\"elementor-container elementor-column-gap-default\">\n\t\t\t\t\t<div class=\"elementor-column elementor-col-100 elementor-top-column elementor-element elementor-element-9085f15\" data-id=\"9085f15\" data-element_type=\"column\">\n\t\t\t<div class=\"elementor-widget-wrap elementor-element-populated\">\n\t\t\t\t\t\t<div class=\"elementor-element elementor-element-feb2a8a elementor-widget elementor-widget-heading\" data-id=\"feb2a8a\" data-element_type=\"widget\" data-widget_type=\"heading.default\">\n\t\t\t\t<div class=\"elementor-widget-container\">\n\t\t\t\t\t<h2 class=\"elementor-heading-title elementor-size-default\">Este es el \u00faltimo que escrib\u00ed... espero tu comentario<\/h2>\t\t\t\t<\/div>\n\t\t\t\t<\/div>\n\t\t\t\t<div class=\"elementor-element elementor-element-0f2920e elementor-grid-1 elementor-grid-tablet-2 elementor-grid-mobile-1 elementor-posts--thumbnail-top elementor-card-shadow-yes elementor-posts__hover-gradient elementor-widget elementor-widget-posts\" data-id=\"0f2920e\" data-element_type=\"widget\" data-settings=\"{&quot;cards_columns&quot;:&quot;1&quot;,&quot;cards_columns_tablet&quot;:&quot;2&quot;,&quot;cards_columns_mobile&quot;:&quot;1&quot;,&quot;cards_row_gap&quot;:{&quot;unit&quot;:&quot;px&quot;,&quot;size&quot;:35,&quot;sizes&quot;:[]},&quot;cards_row_gap_tablet&quot;:{&quot;unit&quot;:&quot;px&quot;,&quot;size&quot;:&quot;&quot;,&quot;sizes&quot;:[]},&quot;cards_row_gap_mobile&quot;:{&quot;unit&quot;:&quot;px&quot;,&quot;size&quot;:&quot;&quot;,&quot;sizes&quot;:[]}}\" data-widget_type=\"posts.cards\">\n\t\t\t\t<div class=\"elementor-widget-container\">\n\t\t\t\t\t\t\t<div class=\"elementor-posts-container elementor-posts elementor-posts--skin-cards elementor-grid\" role=\"list\">\n\t\t\t\t<article class=\"elementor-post elementor-grid-item post-13702 post type-post status-publish format-standard has-post-thumbnail hentry category-articulos category-portada category-relatos tag-efigenia tag-efigenia-ramos-rollim tag-o-filme-da-rainha\" role=\"listitem\">\n\t\t\t<div class=\"elementor-post__card\">\n\t\t\t\t<a class=\"elementor-post__thumbnail__link\" href=\"https:\/\/sergiomercurio.com.ar\/web\/avisar\/\" tabindex=\"-1\" ><div class=\"elementor-post__thumbnail\"><img fetchpriority=\"high\" decoding=\"async\" width=\"206\" height=\"300\" src=\"https:\/\/sergiomercurio.com.ar\/web\/wp-content\/uploads\/2012\/06\/afiche-efigenia-206x300.jpg\" class=\"attachment-medium size-medium wp-image-42 no-lazyload\" alt=\"\" srcset=\"https:\/\/sergiomercurio.com.ar\/web\/wp-content\/uploads\/2012\/06\/afiche-efigenia-206x300.jpg 206w, https:\/\/sergiomercurio.com.ar\/web\/wp-content\/uploads\/2012\/06\/afiche-efigenia-416x604.jpg 416w, https:\/\/sergiomercurio.com.ar\/web\/wp-content\/uploads\/2012\/06\/afiche-efigenia.jpg 579w\" sizes=\"(max-width: 206px) 100vw, 206px\" \/><\/div><\/a>\n\t\t\t\t<div class=\"elementor-post__text\">\n\t\t\t\t<h3 class=\"elementor-post__title\">\n\t\t\t<a href=\"https:\/\/sergiomercurio.com.ar\/web\/avisar\/\" >\n\t\t\t\tAvisar\t\t\t<\/a>\n\t\t<\/h3>\n\t\t\t\t<div class=\"elementor-post__excerpt\">\n\t\t\t<p>Cuando ayer son\u00f3 en mi cabeza lo que mis ojos le\u00edan, se hizo verdad el ejercicio de imaginar que hab\u00edas muerto. Edith me lo escribi\u00f3 suave, Ses\u00e9, Efigenia se foi. En m\u00ed no hubo ni una pizca de pena. Simplemente comenz\u00f3 una tarea, casi un deber \u00ednfimo: avisar.\u00a0 Comenc\u00e9 con Pablo, porque hab\u00edamos estado juntos en la ma\u00f1ana, por consecuencia tuve que avisar a Juan Pablo\u00a0 y despu\u00e9s cierto escal\u00f3n de la memoria arrincon\u00f3 amistades que cierta vez toqu\u00e9 para que tambi\u00e9n de distintas maneras me ayudaran a construir la pel\u00edcula que avise tu existencia. Una vez avisados todos comenc\u00e9 a pensarte: 95 a\u00f1os es un tiempo largo. Un siglo. Desde que termin\u00e9 tu pel\u00edcula viviste aun 20 a\u00f1os y s\u00e9 sin falsa modestia que cuando mi aviso fue concretado tu existencia lleg\u00f3 a otros o\u00eddos y comenz\u00f3 un reconocimiento mayor. Justo. Recuerdo el d\u00eda que me mostraste tu foto con Lula, la medalla con que te reconocieron. En el libro que me pasaste para que vea, abr\u00eda los reconocimientos nada m\u00e1s y nada menos que Mercedes Sosa. Llegu\u00e9 a tu p\u00e1gina, la rese\u00f1a que el gobierno hab\u00eda elegido hacer para nombrarte merecedora de la medalla al m\u00e9rito cultural me sorprendi\u00f3. En mi imaginario todo lo que hab\u00edas hecho era obvio y\u00a0 hab\u00eda trascendido la feirinha de los domingos, tus amigos y tu ciudad y por consecuencia un funcionario sensible te hab\u00eda visto de cerca y te hab\u00eda elegido. Avis\u00f3. Las razones por las que merec\u00edas ese galard\u00f3n eran infinitas.<\/p>\n\t\t<\/div>\n\t\t\n\t\t<a class=\"elementor-post__read-more\" href=\"https:\/\/sergiomercurio.com.ar\/web\/avisar\/\" aria-label=\"Read more about Avisar\" tabindex=\"-1\" >\n\t\t\tSeguir leyendo \u00bb\t\t<\/a>\n\n\t\t\t\t<\/div>\n\t\t\t\t<div class=\"elementor-post__meta-data\">\n\t\t\t\t\t<span class=\"elementor-post-author\">\n\t\t\tSergio Mercurio\t\t<\/span>\n\t\t\t\t<span class=\"elementor-post-date\">\n\t\t\t30\/03\/2026\t\t<\/span>\n\t\t\t\t<span class=\"elementor-post-avatar\">\n\t\t\t4 comentarios\t\t<\/span>\n\t\t\t\t<\/div>\n\t\t\t\t\t<\/div>\n\t\t<\/article>\n\t\t\t\t<\/div>\n\t\t\n\t\t\t\t\t\t<\/div>\n\t\t\t\t<\/div>\n\t\t\t\t<div class=\"elementor-element elementor-element-8bada42 elementor-grid-3 elementor-grid-tablet-2 elementor-grid-mobile-1 elementor-posts--thumbnail-top elementor-card-shadow-yes elementor-posts__hover-gradient load-more-align-center elementor-widget elementor-widget-posts\" data-id=\"8bada42\" data-element_type=\"widget\" data-settings=\"{&quot;pagination_type&quot;:&quot;load_more_on_click&quot;,&quot;cards_columns&quot;:&quot;3&quot;,&quot;cards_columns_tablet&quot;:&quot;2&quot;,&quot;cards_columns_mobile&quot;:&quot;1&quot;,&quot;cards_row_gap&quot;:{&quot;unit&quot;:&quot;px&quot;,&quot;size&quot;:35,&quot;sizes&quot;:[]},&quot;cards_row_gap_tablet&quot;:{&quot;unit&quot;:&quot;px&quot;,&quot;size&quot;:&quot;&quot;,&quot;sizes&quot;:[]},&quot;cards_row_gap_mobile&quot;:{&quot;unit&quot;:&quot;px&quot;,&quot;size&quot;:&quot;&quot;,&quot;sizes&quot;:[]},&quot;load_more_spinner&quot;:{&quot;value&quot;:&quot;fas fa-spinner&quot;,&quot;library&quot;:&quot;fa-solid&quot;}}\" data-widget_type=\"posts.cards\">\n\t\t\t\t<div class=\"elementor-widget-container\">\n\t\t\t\t\t\t\t<div class=\"elementor-posts-container elementor-posts elementor-posts--skin-cards elementor-grid\" role=\"list\">\n\t\t\t\t<article class=\"elementor-post elementor-grid-item post-13672 post type-post status-publish format-standard has-post-thumbnail hentry category-articulos category-portada category-relatos tag-relatos-de-viernes tag-relatos-sergio-mercurio tag-sergio-mercurio\" role=\"listitem\">\n\t\t\t<div class=\"elementor-post__card\">\n\t\t\t\t<a class=\"elementor-post__thumbnail__link\" href=\"https:\/\/sergiomercurio.com.ar\/web\/calor-o-piranas\/\" tabindex=\"-1\" ><div class=\"elementor-post__thumbnail\"><img decoding=\"async\" width=\"490\" height=\"600\" src=\"https:\/\/sergiomercurio.com.ar\/web\/wp-content\/uploads\/2026\/01\/Captura-de-pantalla-2026-01-01-a-las-14.02.19-490x600.png\" class=\"attachment-medium size-medium wp-image-13673 no-lazyload\" alt=\"\" srcset=\"https:\/\/sergiomercurio.com.ar\/web\/wp-content\/uploads\/2026\/01\/Captura-de-pantalla-2026-01-01-a-las-14.02.19-490x600.png 490w, https:\/\/sergiomercurio.com.ar\/web\/wp-content\/uploads\/2026\/01\/Captura-de-pantalla-2026-01-01-a-las-14.02.19.png 696w\" sizes=\"(max-width: 490px) 100vw, 490px\" \/><\/div><\/a>\n\t\t\t\t<div class=\"elementor-post__text\">\n\t\t\t\t<h3 class=\"elementor-post__title\">\n\t\t\t<a href=\"https:\/\/sergiomercurio.com.ar\/web\/calor-o-piranas\/\" >\n\t\t\t\tCalor o Pira\u00f1as\t\t\t<\/a>\n\t\t<\/h3>\n\t\t\t\t<div class=\"elementor-post__excerpt\">\n\t\t\t<p>a Clovis que me mandaba cds hermosos desde Suiza Si nunca has tenido que elegir esto es porque que nunca fuiste a San Javier, en<\/p>\n\t\t<\/div>\n\t\t\n\t\t<a class=\"elementor-post__read-more\" href=\"https:\/\/sergiomercurio.com.ar\/web\/calor-o-piranas\/\" aria-label=\"Read more about Calor o Pira\u00f1as\" tabindex=\"-1\" >\n\t\t\tSeguir leyendo \u00bb\t\t<\/a>\n\n\t\t\t\t<\/div>\n\t\t\t\t<div class=\"elementor-post__meta-data\">\n\t\t\t\t\t<span class=\"elementor-post-author\">\n\t\t\tSergio Mercurio\t\t<\/span>\n\t\t\t\t<span class=\"elementor-post-date\">\n\t\t\t01\/01\/2026\t\t<\/span>\n\t\t\t\t<span class=\"elementor-post-avatar\">\n\t\t\t8 comentarios\t\t<\/span>\n\t\t\t\t<\/div>\n\t\t\t\t\t<\/div>\n\t\t<\/article>\n\t\t\t\t<article class=\"elementor-post elementor-grid-item post-13658 post type-post status-publish format-standard has-post-thumbnail hentry category-medios category-portada category-relatos tag-relatos-de-viernes tag-sergio-mercurio\" role=\"listitem\">\n\t\t\t<div class=\"elementor-post__card\">\n\t\t\t\t<a class=\"elementor-post__thumbnail__link\" href=\"https:\/\/sergiomercurio.com.ar\/web\/frecuentemente\/\" tabindex=\"-1\" ><div class=\"elementor-post__thumbnail\"><img decoding=\"async\" width=\"600\" height=\"391\" src=\"https:\/\/sergiomercurio.com.ar\/web\/wp-content\/uploads\/2025\/12\/Captura-de-pantalla-2025-12-26-a-las-8.49.08-600x391.png\" class=\"attachment-medium size-medium wp-image-13667 no-lazyload\" alt=\"\" srcset=\"https:\/\/sergiomercurio.com.ar\/web\/wp-content\/uploads\/2025\/12\/Captura-de-pantalla-2025-12-26-a-las-8.49.08-600x391.png 600w, https:\/\/sergiomercurio.com.ar\/web\/wp-content\/uploads\/2025\/12\/Captura-de-pantalla-2025-12-26-a-las-8.49.08-768x500.png 768w, https:\/\/sergiomercurio.com.ar\/web\/wp-content\/uploads\/2025\/12\/Captura-de-pantalla-2025-12-26-a-las-8.49.08.png 928w\" sizes=\"(max-width: 600px) 100vw, 600px\" \/><\/div><\/a>\n\t\t\t\t<div class=\"elementor-post__text\">\n\t\t\t\t<h3 class=\"elementor-post__title\">\n\t\t\t<a href=\"https:\/\/sergiomercurio.com.ar\/web\/frecuentemente\/\" >\n\t\t\t\tFrecuentemente\t\t\t<\/a>\n\t\t<\/h3>\n\t\t\t\t<div class=\"elementor-post__excerpt\">\n\t\t\t<p>A Dado, Cherco, Laura, Cristiano, Ezequiel, Juan Pablo, Pablo, Daniel y todos mis amigos que fueron a verme m\u00e1s de una vez e intentaron de<\/p>\n\t\t<\/div>\n\t\t\n\t\t<a class=\"elementor-post__read-more\" href=\"https:\/\/sergiomercurio.com.ar\/web\/frecuentemente\/\" aria-label=\"Read more about Frecuentemente\" tabindex=\"-1\" >\n\t\t\tSeguir leyendo \u00bb\t\t<\/a>\n\n\t\t\t\t<\/div>\n\t\t\t\t<div class=\"elementor-post__meta-data\">\n\t\t\t\t\t<span class=\"elementor-post-author\">\n\t\t\tSergio Mercurio\t\t<\/span>\n\t\t\t\t<span class=\"elementor-post-date\">\n\t\t\t25\/12\/2025\t\t<\/span>\n\t\t\t\t<span class=\"elementor-post-avatar\">\n\t\t\t7 comentarios\t\t<\/span>\n\t\t\t\t<\/div>\n\t\t\t\t\t<\/div>\n\t\t<\/article>\n\t\t\t\t<article class=\"elementor-post elementor-grid-item post-13630 post type-post status-publish format-standard has-post-thumbnail hentry category-articulos category-medios category-portada category-relatos tag-historia tag-relatos-de-viernes tag-sergio-mercurio\" role=\"listitem\">\n\t\t\t<div class=\"elementor-post__card\">\n\t\t\t\t<a class=\"elementor-post__thumbnail__link\" href=\"https:\/\/sergiomercurio.com.ar\/web\/cerca\/\" tabindex=\"-1\" ><div class=\"elementor-post__thumbnail\"><img loading=\"lazy\" decoding=\"async\" width=\"338\" height=\"600\" src=\"https:\/\/sergiomercurio.com.ar\/web\/wp-content\/uploads\/2025\/11\/IMG_0514-338x600.jpeg\" class=\"attachment-medium size-medium wp-image-13632 no-lazyload\" alt=\"\" srcset=\"https:\/\/sergiomercurio.com.ar\/web\/wp-content\/uploads\/2025\/11\/IMG_0514-338x600.jpeg 338w, https:\/\/sergiomercurio.com.ar\/web\/wp-content\/uploads\/2025\/11\/IMG_0514-576x1024.jpeg 576w, https:\/\/sergiomercurio.com.ar\/web\/wp-content\/uploads\/2025\/11\/IMG_0514-768x1365.jpeg 768w, https:\/\/sergiomercurio.com.ar\/web\/wp-content\/uploads\/2025\/11\/IMG_0514-864x1536.jpeg 864w, https:\/\/sergiomercurio.com.ar\/web\/wp-content\/uploads\/2025\/11\/IMG_0514-scaled.jpeg 1152w\" sizes=\"(max-width: 338px) 100vw, 338px\" \/><\/div><\/a>\n\t\t\t\t<div class=\"elementor-post__text\">\n\t\t\t\t<h3 class=\"elementor-post__title\">\n\t\t\t<a href=\"https:\/\/sergiomercurio.com.ar\/web\/cerca\/\" >\n\t\t\t\tCerca\t\t\t<\/a>\n\t\t<\/h3>\n\t\t\t\t<div class=\"elementor-post__excerpt\">\n\t\t\t<p>Para Victoria, Natalia, Pablo, Hern\u00e1n, Lionel, Ramiro, Cielo, Facundo y Dannae La mayor trampa que ofrece el tiempo es la vejez, ese modo que es<\/p>\n\t\t<\/div>\n\t\t\n\t\t<a class=\"elementor-post__read-more\" href=\"https:\/\/sergiomercurio.com.ar\/web\/cerca\/\" aria-label=\"Read more about Cerca\" tabindex=\"-1\" >\n\t\t\tSeguir leyendo \u00bb\t\t<\/a>\n\n\t\t\t\t<\/div>\n\t\t\t\t<div class=\"elementor-post__meta-data\">\n\t\t\t\t\t<span class=\"elementor-post-author\">\n\t\t\tSergio Mercurio\t\t<\/span>\n\t\t\t\t<span class=\"elementor-post-date\">\n\t\t\t27\/11\/2025\t\t<\/span>\n\t\t\t\t<span class=\"elementor-post-avatar\">\n\t\t\t14 comentarios\t\t<\/span>\n\t\t\t\t<\/div>\n\t\t\t\t\t<\/div>\n\t\t<\/article>\n\t\t\t\t<\/div>\n\t\t\t\t\t<span class=\"e-load-more-spinner\">\n\t\t\t\t<i aria-hidden=\"true\" class=\"fas fa-spinner\"><\/i>\t\t\t<\/span>\n\t\t\n\t\t\t\t<div class=\"e-load-more-anchor\" data-page=\"1\" data-max-page=\"45\" data-next-page=\"https:\/\/sergiomercurio.com.ar\/web\/wp-json\/wp\/v2\/pages\/10771\/page\/2\/\"><\/div>\n\t\t\t\t<div class=\"elementor-button-wrapper\">\n\t\t\t<a class=\"elementor-button elementor-size-sm\" role=\"button\">\n\t\t\t\t\t\t<span class=\"elementor-button-content-wrapper\">\n\t\t\t\t\t\t\t\t\t<span class=\"elementor-button-text\">Ver m\u00e1s<\/span>\n\t\t\t\t\t<\/span>\n\t\t\t\t\t<\/a>\n\t\t<\/div>\n\t\t\t\t<div class=\"e-load-more-message\"><\/div>\n\t\t\t\t\t\t<\/div>\n\t\t\t\t<\/div>\n\t\t\t\t\t<\/div>\n\t\t<\/div>\n\t\t\t\t\t<\/div>\n\t\t<\/section>\n\t\t\t\t<\/div>\n\t\t","protected":false},"excerpt":{"rendered":"<p>Tengo una amiga que es profesora de literatura que me ha dicho que yo no hago literatura, que en mis textos parece que estoy hablando. A mi eso me encanta, Suscribite y recib\u00ed todos los viernes en tu mail un nuevo relato. Suscribirse Este es el \u00faltimo que escrib\u00ed&#8230; espero tu comentario<\/p>\n","protected":false},"author":1,"featured_media":0,"parent":0,"menu_order":0,"comment_status":"closed","ping_status":"closed","template":"","meta":{"ngg_post_thumbnail":0,"footnotes":""},"categories":[],"tags":[],"class_list":["post-10771","page","type-page","status-publish","hentry"],"_links":{"self":[{"href":"https:\/\/sergiomercurio.com.ar\/web\/wp-json\/wp\/v2\/pages\/10771","targetHints":{"allow":["GET"]}}],"collection":[{"href":"https:\/\/sergiomercurio.com.ar\/web\/wp-json\/wp\/v2\/pages"}],"about":[{"href":"https:\/\/sergiomercurio.com.ar\/web\/wp-json\/wp\/v2\/types\/page"}],"author":[{"embeddable":true,"href":"https:\/\/sergiomercurio.com.ar\/web\/wp-json\/wp\/v2\/users\/1"}],"replies":[{"embeddable":true,"href":"https:\/\/sergiomercurio.com.ar\/web\/wp-json\/wp\/v2\/comments?post=10771"}],"version-history":[{"count":0,"href":"https:\/\/sergiomercurio.com.ar\/web\/wp-json\/wp\/v2\/pages\/10771\/revisions"}],"wp:attachment":[{"href":"https:\/\/sergiomercurio.com.ar\/web\/wp-json\/wp\/v2\/media?parent=10771"}],"wp:term":[{"taxonomy":"category","embeddable":true,"href":"https:\/\/sergiomercurio.com.ar\/web\/wp-json\/wp\/v2\/categories?post=10771"},{"taxonomy":"post_tag","embeddable":true,"href":"https:\/\/sergiomercurio.com.ar\/web\/wp-json\/wp\/v2\/tags?post=10771"}],"curies":[{"name":"wp","href":"https:\/\/api.w.org\/{rel}","templated":true}]}}