{"id":12817,"date":"2024-04-20T10:24:22","date_gmt":"2024-04-20T13:24:22","guid":{"rendered":"https:\/\/sergiomercurio.com.ar\/web\/?page_id=12817"},"modified":"2024-06-03T10:57:32","modified_gmt":"2024-06-03T13:57:32","slug":"proyecto-nietos","status":"publish","type":"page","link":"https:\/\/sergiomercurio.com.ar\/web\/proyecto-nietos\/","title":{"rendered":"Proyecto Nietos"},"content":{"rendered":"\n<h2 class=\" wp-block-heading eplus-wrapper\">Proyecto surgido a partir de la obra \u00abViejos\u00bb de Sergio Mercurio<\/h2>\n\n\n\n\n<p class=\" eplus-wrapper\">Desarrollado en el a\u00f1o 2017 y aprobado en la ley de<strong>&nbsp;<\/strong>Mecenazgo cultural de la ciudad de Buenos Aires.. Argentina,<strong> Nietos<\/strong> congreg\u00f3 a miles de j\u00f3venes de escuelas secundarias p\u00fablicas y adultos mayores de centros de jubilados junto a sus nietos para asistir el espect\u00e1culo <strong>VIEJOS<\/strong>.  El proyecto Nietos es un encuentro entre viejos y j\u00f3venes en el teatro.<\/p>\n\n\n\n\n<h2 class=\" wp-block-heading eplus-wrapper\">\u00bfC\u00f3mo se realiza?<\/h2>\n\n\n\n<p class=\" eplus-wrapper\">Para la realizaci\u00f3n del Proyecto es indispensable pensar en un encuentro generacional. Seres transitando la adolescencia y la juventud (14 a 19 a\u00f1os) Seres atravesando la tercera edad (m\u00e1s de 60 a\u00f1os) El proyecto consiste en reunir en un teatro <\/p>\n\n\n\n<ol class=\"eplus-wrapper wp-block-list\">\n<li class=\" eplus-wrapper\">Convocar escuelas secundarias haciendo \u00e9nfasis en que los estudiantes inviten a sus abuelos a la experiencia de ver la obra de teatro VIEJOS.<\/li>\n\n\n\n<li class=\" eplus-wrapper\">Convocar centros de Jubilados haciendo \u00e9nfasis en que los jubilados inviten a sus nietos adolescentes a la experiencia de ver la obra VIEJOS.<\/li>\n\n\n\n<li class=\" eplus-wrapper\">Reunir adolescentes y jovenes juntos a personas de la tercera edad para que asistan a una obra que trata de la vejez y participar del debate de una hora de duracion con Sergio Mercurio, el creador de la obra. <\/li>\n<\/ol>\n\n\n\n<h2 class=\" wp-block-heading eplus-wrapper\">Registro f\u00edlmico de la experiencia en Buenos Aires- Argentina<\/h2>\n\n\n\n<figure class=\" wp-block-embed is-type-video is-provider-youtube wp-block-embed-youtube eplus-wrapper\"><div class=\"wp-block-embed__wrapper\">\n<iframe title=\"Proyecto NIETOS. N\u00famero 1\" width=\"800\" height=\"450\" src=\"https:\/\/www.youtube.com\/embed\/A_xrg4WsKqE?feature=oembed\" frameborder=\"0\" allow=\"accelerometer; autoplay; clipboard-write; encrypted-media; gyroscope; picture-in-picture; web-share\" referrerpolicy=\"strict-origin-when-cross-origin\" allowfullscreen><\/iframe>\n<\/div><\/figure>\n\n\n\n<div class=\"wp-block-columns eplus-wrapper is-layout-flex wp-container-core-columns-is-layout-28f84493 wp-block-columns-is-layout-flex\">\n<div class=\"wp-block-column eplus-wrapper is-layout-flow wp-block-column-is-layout-flow\">\n<figure class=\"wp-embed-aspect-16-9 wp-has-aspect-ratio wp-block-embed is-type-video is-provider-youtube wp-block-embed-youtube eplus-wrapper\"><div class=\"wp-block-embed__wrapper\">\n<iframe title=\"Proyecto NIETOS. N\u00famero 4\" width=\"800\" height=\"450\" src=\"https:\/\/www.youtube.com\/embed\/azBd3Xb1PKs?feature=oembed\" frameborder=\"0\" allow=\"accelerometer; autoplay; clipboard-write; encrypted-media; gyroscope; picture-in-picture; web-share\" referrerpolicy=\"strict-origin-when-cross-origin\" allowfullscreen><\/iframe>\n<\/div><\/figure>\n<\/div>\n\n\n\n<div class=\"wp-block-column eplus-wrapper is-layout-flow wp-block-column-is-layout-flow\">\n<figure class=\" wp-block-embed is-type-video is-provider-youtube wp-block-embed-youtube eplus-wrapper\"><div class=\"wp-block-embed__wrapper\">\n<iframe title=\"Proyecto NIETOS. N\u00famero 3\" width=\"800\" height=\"450\" src=\"https:\/\/www.youtube.com\/embed\/UftV0x4U51c?feature=oembed\" frameborder=\"0\" allow=\"accelerometer; autoplay; clipboard-write; encrypted-media; gyroscope; picture-in-picture; web-share\" referrerpolicy=\"strict-origin-when-cross-origin\" allowfullscreen><\/iframe>\n<\/div><\/figure>\n<\/div>\n\n\n\n<div class=\"wp-block-column eplus-wrapper is-layout-flow wp-block-column-is-layout-flow\">\n<figure class=\" wp-block-embed is-type-video is-provider-youtube wp-block-embed-youtube eplus-wrapper\"><div class=\"wp-block-embed__wrapper\">\n<iframe title=\"Proyecto NIETOS. N\u00famero 2\" width=\"800\" height=\"450\" src=\"https:\/\/www.youtube.com\/embed\/YCXLExCuYek?feature=oembed\" frameborder=\"0\" allow=\"accelerometer; autoplay; clipboard-write; encrypted-media; gyroscope; picture-in-picture; web-share\" referrerpolicy=\"strict-origin-when-cross-origin\" allowfullscreen><\/iframe>\n<\/div><\/figure>\n<\/div>\n<\/div>\n\n\n\n<div class=\"wp-block-columns eplus-wrapper is-layout-flex wp-container-core-columns-is-layout-28f84493 wp-block-columns-is-layout-flex\">\n<div class=\"wp-block-column eplus-wrapper is-layout-flow wp-block-column-is-layout-flow\">\n<figure class=\"wp-embed-aspect-16-9 wp-has-aspect-ratio wp-block-embed is-type-video is-provider-youtube wp-block-embed-youtube eplus-wrapper\"><div class=\"wp-block-embed__wrapper\">\n<iframe title=\"Proyecto NIETOS. N\u00famero 6\" width=\"800\" height=\"450\" src=\"https:\/\/www.youtube.com\/embed\/euVEIsP2EzU?feature=oembed\" frameborder=\"0\" allow=\"accelerometer; autoplay; clipboard-write; encrypted-media; gyroscope; picture-in-picture; web-share\" referrerpolicy=\"strict-origin-when-cross-origin\" allowfullscreen><\/iframe>\n<\/div><\/figure>\n<\/div>\n\n\n\n<div class=\"wp-block-column eplus-wrapper is-layout-flow wp-block-column-is-layout-flow\">\n<figure class=\" wp-block-embed is-type-video is-provider-youtube wp-block-embed-youtube eplus-wrapper\"><div class=\"wp-block-embed__wrapper\">\n<iframe title=\"Proyecto NIETOS. N\u00famero 7\" width=\"800\" height=\"450\" src=\"https:\/\/www.youtube.com\/embed\/3D2iFLguP6w?feature=oembed\" frameborder=\"0\" allow=\"accelerometer; autoplay; clipboard-write; encrypted-media; gyroscope; picture-in-picture; web-share\" referrerpolicy=\"strict-origin-when-cross-origin\" allowfullscreen><\/iframe>\n<\/div><\/figure>\n<\/div>\n<\/div>\n\n\n\n<p class=\" eplus-wrapper\">El proyecto Nietos fue realizado en la Argentina, Brasil, Ecuador y Portugal. Este a\u00f1o se realizar\u00e1 tambi\u00e9n en Espa\u00f1a<\/p>\n\n\n\n<h2 class=\" wp-block-heading eplus-wrapper\">Mas videos que registran la experiencia entre abuelos y nietos<\/h2>\n\n\n\n<p class=\" eplus-wrapper\"><\/p>\n\n\n\n<div class=\"wp-block-columns eplus-wrapper is-layout-flex wp-container-core-columns-is-layout-28f84493 wp-block-columns-is-layout-flex\">\n<div class=\"wp-block-column eplus-wrapper is-layout-flow wp-block-column-is-layout-flow\">\n<figure class=\"wp-embed-aspect-16-9 wp-has-aspect-ratio wp-block-embed is-type-video is-provider-youtube wp-block-embed-youtube eplus-wrapper\"><div class=\"wp-block-embed__wrapper\">\n<iframe title=\"Proyecto NIETOS. N\u00famero 8\" width=\"800\" height=\"450\" src=\"https:\/\/www.youtube.com\/embed\/jhZC3JcnLXY?feature=oembed\" frameborder=\"0\" allow=\"accelerometer; autoplay; clipboard-write; encrypted-media; gyroscope; picture-in-picture; web-share\" referrerpolicy=\"strict-origin-when-cross-origin\" allowfullscreen><\/iframe>\n<\/div><\/figure>\n<\/div>\n\n\n\n<div class=\"wp-block-column eplus-wrapper is-layout-flow wp-block-column-is-layout-flow\">\n<figure class=\" wp-block-embed is-type-video is-provider-youtube wp-block-embed-youtube eplus-wrapper\"><div class=\"wp-block-embed__wrapper\">\n<iframe title=\"Proyecto Nietos. N\u00famero 12\" width=\"800\" height=\"450\" src=\"https:\/\/www.youtube.com\/embed\/hun32_Wrx54?feature=oembed\" frameborder=\"0\" allow=\"accelerometer; autoplay; clipboard-write; encrypted-media; gyroscope; picture-in-picture; web-share\" referrerpolicy=\"strict-origin-when-cross-origin\" allowfullscreen><\/iframe>\n<\/div><\/figure>\n<\/div>\n\n\n\n<div class=\"wp-block-column eplus-wrapper is-layout-flow wp-block-column-is-layout-flow\">\n<figure class=\" wp-block-embed is-type-video is-provider-youtube wp-block-embed-youtube eplus-wrapper\"><div class=\"wp-block-embed__wrapper\">\n<iframe title=\"Proyecto Nietos.N\u00famero 10\" width=\"800\" height=\"450\" src=\"https:\/\/www.youtube.com\/embed\/Rf45_EVu1V0?feature=oembed\" frameborder=\"0\" allow=\"accelerometer; autoplay; clipboard-write; encrypted-media; gyroscope; picture-in-picture; web-share\" referrerpolicy=\"strict-origin-when-cross-origin\" allowfullscreen><\/iframe>\n<\/div><\/figure>\n<\/div>\n<\/div>\n","protected":false},"excerpt":{"rendered":"<p>Proyecto surgido a partir de la obra \u00abViejos\u00bb de Sergio Mercurio \u00bfC\u00f3mo se realiza? Para la realizaci\u00f3n del Proyecto es indispensable pensar en un encuentro generacional. Seres transitando la adolescencia y la juventud (14 a 19 a\u00f1os) Seres atravesando la tercera edad (m\u00e1s de 60 a\u00f1os) El proyecto consiste en reunir en un teatro Registro [&hellip;]<\/p>\n","protected":false},"author":1,"featured_media":0,"parent":0,"menu_order":0,"comment_status":"open","ping_status":"closed","template":"","meta":{"ngg_post_thumbnail":0,"footnotes":""},"categories":[95],"tags":[597,69,596],"class_list":["post-12817","page","type-page","status-publish","hentry","category-viejos","tag-nieto","tag-sergio-mercurio","tag-sergio-mercurio-viejos-nietos-y-abuelos-abuelos"],"_links":{"self":[{"href":"https:\/\/sergiomercurio.com.ar\/web\/wp-json\/wp\/v2\/pages\/12817","targetHints":{"allow":["GET"]}}],"collection":[{"href":"https:\/\/sergiomercurio.com.ar\/web\/wp-json\/wp\/v2\/pages"}],"about":[{"href":"https:\/\/sergiomercurio.com.ar\/web\/wp-json\/wp\/v2\/types\/page"}],"author":[{"embeddable":true,"href":"https:\/\/sergiomercurio.com.ar\/web\/wp-json\/wp\/v2\/users\/1"}],"replies":[{"embeddable":true,"href":"https:\/\/sergiomercurio.com.ar\/web\/wp-json\/wp\/v2\/comments?post=12817"}],"version-history":[{"count":0,"href":"https:\/\/sergiomercurio.com.ar\/web\/wp-json\/wp\/v2\/pages\/12817\/revisions"}],"wp:attachment":[{"href":"https:\/\/sergiomercurio.com.ar\/web\/wp-json\/wp\/v2\/media?parent=12817"}],"wp:term":[{"taxonomy":"category","embeddable":true,"href":"https:\/\/sergiomercurio.com.ar\/web\/wp-json\/wp\/v2\/categories?post=12817"},{"taxonomy":"post_tag","embeddable":true,"href":"https:\/\/sergiomercurio.com.ar\/web\/wp-json\/wp\/v2\/tags?post=12817"}],"curies":[{"name":"wp","href":"https:\/\/api.w.org\/{rel}","templated":true}]}}