{"id":13550,"date":"2025-08-26T17:03:36","date_gmt":"2025-08-26T20:03:36","guid":{"rendered":"https:\/\/sergiomercurio.com.ar\/web\/?page_id=13550"},"modified":"2025-11-28T14:41:41","modified_gmt":"2025-11-28T17:41:41","slug":"triple-alianza-el-podcast-bilingue","status":"publish","type":"page","link":"https:\/\/sergiomercurio.com.ar\/web\/triple-alianza-el-podcast-bilingue\/","title":{"rendered":"Triple Alianza, el Podcast Bilingue"},"content":{"rendered":"\n<p class=\"eplus-wrapper\"><\/p>\n\n\n\n<div class=\"wp-block-columns eplus-wrapper is-layout-flex wp-container-core-columns-is-layout-28f84493 wp-block-columns-is-layout-flex\">\n<div class=\"wp-block-column eplus-wrapper is-layout-flow wp-block-column-is-layout-flow\">\n<figure class=\"wp-block-image size-large\"><img fetchpriority=\"high\" decoding=\"async\" width=\"1024\" height=\"1024\" src=\"https:\/\/sergiomercurio.com.ar\/web\/wp-content\/uploads\/2025\/08\/Caratula-Triple-Alianza-1024x1024.jpeg\" alt=\"cartula triple alianza\" class=\"wp-image-13573 no-lazyload\" srcset=\"https:\/\/sergiomercurio.com.ar\/web\/wp-content\/uploads\/2025\/08\/Caratula-Triple-Alianza-1024x1024.jpeg 1024w, https:\/\/sergiomercurio.com.ar\/web\/wp-content\/uploads\/2025\/08\/Caratula-Triple-Alianza-600x600.jpeg 600w, https:\/\/sergiomercurio.com.ar\/web\/wp-content\/uploads\/2025\/08\/Caratula-Triple-Alianza-150x150.jpeg 150w, https:\/\/sergiomercurio.com.ar\/web\/wp-content\/uploads\/2025\/08\/Caratula-Triple-Alianza-768x768.jpeg 768w, https:\/\/sergiomercurio.com.ar\/web\/wp-content\/uploads\/2025\/08\/Caratula-Triple-Alianza.jpeg 1300w\" sizes=\"(max-width: 1024px) 100vw, 1024px\" \/><\/figure>\n<\/div>\n\n\n\n<div class=\"wp-block-column eplus-wrapper is-layout-flow wp-block-column-is-layout-flow\">\n<p class=\"eplus-wrapper\"><\/p>\n\n\n\n<p class=\"eplus-wrapper\">Carlitos, Sergio y Carlos recuerdan la informaci\u00f3n que recibieron en la escuela en la d\u00e9cada del 70 en Uruguay, Brasil y Argentina. Al buscar en internet,\u00a0 lo primero que descubren es que la informaci\u00f3n que cada pa\u00eds recibe es diferente. No todo est\u00e1 en internet y adem\u00e1s solo encontrar\u00e1s lo que en tu pa\u00eds se puede  y acepta asumir. A lo largo de los episodios, los tres indagan, buscan, discuten, r\u00eden y tratan de crear un espacio de memoria activa sobre   la maldita guerra.<\/p>\n\n\n\n<p class=\"eplus-wrapper\"><\/p>\n<\/div>\n<\/div>\n\n\n\n<p class=\"eplus-wrapper\"><\/p>\n\n\n\n<figure class=\"wp-block-embed is-type-video is-provider-youtube wp-block-embed-youtube wp-embed-aspect-16-9 wp-has-aspect-ratio eplus-wrapper\"><div class=\"wp-block-embed__wrapper\">\n<iframe title=\"Ep. 1: El Origen de la Guerra de la Triple Alianza\" width=\"800\" height=\"450\" src=\"https:\/\/www.youtube.com\/embed\/ccEGpX35rKQ?feature=oembed\" frameborder=\"0\" allow=\"accelerometer; autoplay; clipboard-write; encrypted-media; gyroscope; picture-in-picture; web-share\" referrerpolicy=\"strict-origin-when-cross-origin\" allowfullscreen><\/iframe>\n<\/div><\/figure>\n\n\n\n<p class=\"eplus-wrapper\"><\/p>\n\n\n\n<p class=\"eplus-wrapper\"><\/p>\n\n\n\n<figure class=\"wp-block-embed is-type-video is-provider-youtube wp-block-embed-youtube wp-embed-aspect-16-9 wp-has-aspect-ratio eplus-wrapper\"><div class=\"wp-block-embed__wrapper\">\n<iframe title=\"Ep. 2: Soldados en la Guerra de la Triple Alianza\" width=\"800\" height=\"450\" src=\"https:\/\/www.youtube.com\/embed\/i0LkCeBeSv8?feature=oembed\" frameborder=\"0\" allow=\"accelerometer; autoplay; clipboard-write; encrypted-media; gyroscope; picture-in-picture; web-share\" referrerpolicy=\"strict-origin-when-cross-origin\" allowfullscreen><\/iframe>\n<\/div><\/figure>\n\n\n\n<figure class=\"wp-block-embed is-type-video is-provider-youtube wp-block-embed-youtube wp-embed-aspect-16-9 wp-has-aspect-ratio\"><div class=\"wp-block-embed__wrapper\">\n<iframe title=\"Ep. 3: Personajes de la Guerra de la Triple Alianza\" width=\"800\" height=\"450\" src=\"https:\/\/www.youtube.com\/embed\/vEi9FErSzNY?feature=oembed\" frameborder=\"0\" allow=\"accelerometer; autoplay; clipboard-write; encrypted-media; gyroscope; picture-in-picture; web-share\" referrerpolicy=\"strict-origin-when-cross-origin\" allowfullscreen><\/iframe>\n<\/div><\/figure>\n\n\n\n<figure class=\"wp-block-embed is-type-video is-provider-youtube wp-block-embed-youtube wp-embed-aspect-16-9 wp-has-aspect-ratio\"><div class=\"wp-block-embed__wrapper\">\n<iframe title=\"Ep. 4: el arte en la Guerra de la Triple Alianza\" width=\"800\" height=\"450\" src=\"https:\/\/www.youtube.com\/embed\/N0_keg8o4kY?feature=oembed\" frameborder=\"0\" allow=\"accelerometer; autoplay; clipboard-write; encrypted-media; gyroscope; picture-in-picture; web-share\" referrerpolicy=\"strict-origin-when-cross-origin\" allowfullscreen><\/iframe>\n<\/div><\/figure>\n\n\n\n<figure class=\"wp-block-embed is-type-video is-provider-youtube wp-block-embed-youtube wp-embed-aspect-16-9 wp-has-aspect-ratio\"><div class=\"wp-block-embed__wrapper\">\n<iframe title=\"Ep. 5: Inglaterra en la guerra de la triple alianza\" width=\"800\" height=\"450\" src=\"https:\/\/www.youtube.com\/embed\/zz3A4svNX2g?start=3&#038;feature=oembed\" frameborder=\"0\" allow=\"accelerometer; autoplay; clipboard-write; encrypted-media; gyroscope; picture-in-picture; web-share\" referrerpolicy=\"strict-origin-when-cross-origin\" allowfullscreen><\/iframe>\n<\/div><\/figure>\n\n\n\n<figure class=\"wp-block-embed is-type-video is-provider-youtube wp-block-embed-youtube wp-embed-aspect-16-9 wp-has-aspect-ratio\"><div class=\"wp-block-embed__wrapper\">\n<iframe title=\"Ep. 6: Primeras Batallas en la guerra de la triple Alianza\" width=\"800\" height=\"450\" src=\"https:\/\/www.youtube.com\/embed\/PpBs2p-pIWM?feature=oembed\" frameborder=\"0\" allow=\"accelerometer; autoplay; clipboard-write; encrypted-media; gyroscope; picture-in-picture; web-share\" referrerpolicy=\"strict-origin-when-cross-origin\" allowfullscreen><\/iframe>\n<\/div><\/figure>\n\n\n\n<figure class=\"wp-block-embed is-type-video is-provider-youtube wp-block-embed-youtube wp-embed-aspect-16-9 wp-has-aspect-ratio\"><div class=\"wp-block-embed__wrapper\">\n<iframe title=\"Ep. 7: Acosta \u00d1u en la guerra de la Triple Alianza\" width=\"800\" height=\"450\" src=\"https:\/\/www.youtube.com\/embed\/F55IbuznuLw?feature=oembed\" frameborder=\"0\" allow=\"accelerometer; autoplay; clipboard-write; encrypted-media; gyroscope; picture-in-picture; web-share\" referrerpolicy=\"strict-origin-when-cross-origin\" allowfullscreen><\/iframe>\n<\/div><\/figure>\n\n\n\n<figure class=\"wp-block-embed is-type-video is-provider-youtube wp-block-embed-youtube wp-embed-aspect-16-9 wp-has-aspect-ratio\"><div class=\"wp-block-embed__wrapper\">\n<iframe title=\"Ep. 8: Prensa en la Guerra de la Triple Alianza\" width=\"800\" height=\"450\" src=\"https:\/\/www.youtube.com\/embed\/xXj6ZwLMEtA?start=3931&#038;feature=oembed\" frameborder=\"0\" allow=\"accelerometer; autoplay; clipboard-write; encrypted-media; gyroscope; picture-in-picture; web-share\" referrerpolicy=\"strict-origin-when-cross-origin\" allowfullscreen><\/iframe>\n<\/div><\/figure>\n\n\n\n<figure class=\"wp-block-embed is-type-video is-provider-youtube wp-block-embed-youtube wp-embed-aspect-16-9 wp-has-aspect-ratio\"><div class=\"wp-block-embed__wrapper\">\n<iframe title=\"Ep. 9: Mujeres en la Guerra de la Triple Alianza\" width=\"800\" height=\"450\" src=\"https:\/\/www.youtube.com\/embed\/8MheH5ZnmmI?feature=oembed\" frameborder=\"0\" allow=\"accelerometer; autoplay; clipboard-write; encrypted-media; gyroscope; picture-in-picture; web-share\" referrerpolicy=\"strict-origin-when-cross-origin\" allowfullscreen><\/iframe>\n<\/div><\/figure>\n\n\n\n<figure class=\"wp-block-embed is-type-video is-provider-youtube wp-block-embed-youtube wp-embed-aspect-16-9 wp-has-aspect-ratio\"><div class=\"wp-block-embed__wrapper\">\n<iframe title=\"Ep. 10: Cerro Cor\u00e1 en la Guerra de la Triple Alianza\" width=\"800\" height=\"450\" src=\"https:\/\/www.youtube.com\/embed\/WEIrx7WFYrw?feature=oembed\" frameborder=\"0\" allow=\"accelerometer; autoplay; clipboard-write; encrypted-media; gyroscope; picture-in-picture; web-share\" referrerpolicy=\"strict-origin-when-cross-origin\" allowfullscreen><\/iframe>\n<\/div><\/figure>\n\n\n\n<figure class=\"wp-block-embed is-type-video is-provider-youtube wp-block-embed-youtube wp-embed-aspect-16-9 wp-has-aspect-ratio\"><div class=\"wp-block-embed__wrapper\">\n<iframe title=\"Ep 11. La postguerra en la triple Alianza\" width=\"800\" height=\"450\" src=\"https:\/\/www.youtube.com\/embed\/Osl5rGaeGSs?feature=oembed\" frameborder=\"0\" allow=\"accelerometer; autoplay; clipboard-write; encrypted-media; gyroscope; picture-in-picture; web-share\" referrerpolicy=\"strict-origin-when-cross-origin\" allowfullscreen><\/iframe>\n<\/div><\/figure>\n\n\n\n<figure class=\"wp-block-embed is-type-video is-provider-youtube wp-block-embed-youtube wp-embed-aspect-16-9 wp-has-aspect-ratio\"><div class=\"wp-block-embed__wrapper\">\n<iframe title=\"Ep. 12: Libros sobre la Guerra de la Triple Alianza\" width=\"800\" height=\"450\" src=\"https:\/\/www.youtube.com\/embed\/dJQBxT8kiyM?feature=oembed\" frameborder=\"0\" allow=\"accelerometer; autoplay; clipboard-write; encrypted-media; gyroscope; picture-in-picture; web-share\" referrerpolicy=\"strict-origin-when-cross-origin\" allowfullscreen><\/iframe>\n<\/div><\/figure>\n\n\n\n<figure class=\"wp-block-embed is-type-video is-provider-youtube wp-block-embed-youtube wp-embed-aspect-16-9 wp-has-aspect-ratio\"><div class=\"wp-block-embed__wrapper\">\n<iframe title=\"Ep 13: Fabi\u00e1n Chamorro y la Guerra de la Triple Alianza\" width=\"800\" height=\"450\" src=\"https:\/\/www.youtube.com\/embed\/wdgQuryX8dU?start=2831&#038;feature=oembed\" frameborder=\"0\" allow=\"accelerometer; autoplay; clipboard-write; encrypted-media; gyroscope; picture-in-picture; web-share\" referrerpolicy=\"strict-origin-when-cross-origin\" allowfullscreen><\/iframe>\n<\/div><\/figure>\n\n\n\n<figure class=\"wp-block-embed is-type-video is-provider-youtube wp-block-embed-youtube wp-embed-aspect-16-9 wp-has-aspect-ratio\"><div class=\"wp-block-embed__wrapper\">\n<iframe title=\"Ep 14. Mario Maestri y la guerra de la Triple Alianza\" width=\"800\" height=\"450\" src=\"https:\/\/www.youtube.com\/embed\/uGweagT-OV8?start=1&#038;feature=oembed\" frameborder=\"0\" allow=\"accelerometer; autoplay; clipboard-write; encrypted-media; gyroscope; picture-in-picture; web-share\" referrerpolicy=\"strict-origin-when-cross-origin\" allowfullscreen><\/iframe>\n<\/div><\/figure>\n","protected":false},"excerpt":{"rendered":"<p>Carlitos, Sergio y Carlos recuerdan la informaci\u00f3n que recibieron en la escuela en la d\u00e9cada del 70 en Uruguay, Brasil y Argentina. Al buscar en internet,\u00a0 lo primero que descubren es que la informaci\u00f3n que cada pa\u00eds recibe es diferente. No todo est\u00e1 en internet y adem\u00e1s solo encontrar\u00e1s lo que en tu pa\u00eds se [&hellip;]<\/p>\n","protected":false},"author":1,"featured_media":13582,"parent":0,"menu_order":0,"comment_status":"closed","ping_status":"closed","template":"","meta":{"ngg_post_thumbnail":0,"footnotes":""},"categories":[51,48],"tags":[730,731,733,727,732,729,736,580,735,225,734,725,69,728,726],"class_list":["post-13550","page","type-page","status-publish","has-post-thumbnail","hentry","category-podcast","category-portada","tag-carlos-bomfin","tag-carlos-correa","tag-felipe-pigna","tag-guerra-del-paraguay","tag-guerra-guasu","tag-la-guerra-de-la-triple-alianza","tag-lionel-messi-y-la-guerra-del-paraguay","tag-messi","tag-milei-y-la-guerra-de-la-triple-alianza","tag-peron","tag-peron-y-el-paraguay","tag-podcast-triple-alianza","tag-sergio-mercurio","tag-sergio-mercurio-podcast","tag-triplice-alienza"],"_links":{"self":[{"href":"https:\/\/sergiomercurio.com.ar\/web\/wp-json\/wp\/v2\/pages\/13550","targetHints":{"allow":["GET"]}}],"collection":[{"href":"https:\/\/sergiomercurio.com.ar\/web\/wp-json\/wp\/v2\/pages"}],"about":[{"href":"https:\/\/sergiomercurio.com.ar\/web\/wp-json\/wp\/v2\/types\/page"}],"author":[{"embeddable":true,"href":"https:\/\/sergiomercurio.com.ar\/web\/wp-json\/wp\/v2\/users\/1"}],"replies":[{"embeddable":true,"href":"https:\/\/sergiomercurio.com.ar\/web\/wp-json\/wp\/v2\/comments?post=13550"}],"version-history":[{"count":8,"href":"https:\/\/sergiomercurio.com.ar\/web\/wp-json\/wp\/v2\/pages\/13550\/revisions"}],"predecessor-version":[{"id":13648,"href":"https:\/\/sergiomercurio.com.ar\/web\/wp-json\/wp\/v2\/pages\/13550\/revisions\/13648"}],"wp:featuredmedia":[{"embeddable":true,"href":"https:\/\/sergiomercurio.com.ar\/web\/wp-json\/wp\/v2\/media\/13582"}],"wp:attachment":[{"href":"https:\/\/sergiomercurio.com.ar\/web\/wp-json\/wp\/v2\/media?parent=13550"}],"wp:term":[{"taxonomy":"category","embeddable":true,"href":"https:\/\/sergiomercurio.com.ar\/web\/wp-json\/wp\/v2\/categories?post=13550"},{"taxonomy":"post_tag","embeddable":true,"href":"https:\/\/sergiomercurio.com.ar\/web\/wp-json\/wp\/v2\/tags?post=13550"}],"curies":[{"name":"wp","href":"https:\/\/api.w.org\/{rel}","templated":true}]}}