{"id":18,"date":"2012-06-08T22:18:25","date_gmt":"2012-06-09T01:18:25","guid":{"rendered":"https:\/\/sergiomercurio.com.ar\/web\/?page_id=18"},"modified":"2025-04-07T12:37:33","modified_gmt":"2025-04-07T15:37:33","slug":"la-pelicula-de-la-reina","status":"publish","type":"page","link":"https:\/\/sergiomercurio.com.ar\/web\/peliculas\/la-pelicula-de-la-reina\/","title":{"rendered":"O Filme da Rainha (2006)"},"content":{"rendered":"\n<p class=\" eplus-wrapper\"><\/p>\n\n\n\n<div class=\"wp-block-columns eplus-wrapper is-layout-flex wp-container-core-columns-is-layout-28f84493 wp-block-columns-is-layout-flex\">\n<div class=\"wp-block-column eplus-wrapper is-layout-flow wp-block-column-is-layout-flow\">\n<figure class=\" wp-block-image size-large eplus-wrapper\"><img fetchpriority=\"high\" decoding=\"async\" width=\"647\" height=\"941\" src=\"https:\/\/sergiomercurio.com.ar\/web\/wp-content\/uploads\/2021\/06\/afiche-efi-por.jpg\" alt=\"\" class=\"wp-image-9303 no-lazyload\" srcset=\"https:\/\/sergiomercurio.com.ar\/web\/wp-content\/uploads\/2021\/06\/afiche-efi-por.jpg 647w, https:\/\/sergiomercurio.com.ar\/web\/wp-content\/uploads\/2021\/06\/afiche-efi-por-413x600.jpg 413w\" sizes=\"(max-width: 647px) 100vw, 647px\" \/><figcaption class=\"wp-element-caption\"> Afiche O FILME DA RAINHA<\/figcaption><\/figure>\n<\/div>\n\n\n\n<div class=\"wp-block-column eplus-wrapper is-layout-flow wp-block-column-is-layout-flow\">\n<p class=\" has-drop-cap has-normal-font-size eplus-wrapper\">Documetal sobre la vida de Efig\u00eania Ramos Rolim, una mujer de 74 a\u00f1os que naci\u00f3 en un pueblo de Minas Gerais, Brasil. Vive hace 15 a\u00f1os en la ciudad Curitiba (Paran\u00e1), Brasil, para donde se mud\u00f3 con sus nueve hijos y un marido enfermo. A los 60 a\u00f1os, despu\u00e9s de haber enviudado y criado sus hijos, se transforma en una artista popular. Su mudanza personal sucede en un momento de desasosiego, cuando ve un objeto brillante tirado en la calle, y lo confunde con una joya. Lo toma del piso y descubre absorta que se trata de un papel de caramelo.<\/p>\n\n\n\n<p class=\" has-normal-font-size eplus-wrapper\">Efig\u00eania se ve reflejada en ese papel. La poetisa aflora. Se decide vestir con los restos de los papeles de caramelo que la gente tira en el piso. As\u00ed comienza su reinado. La reina del papel de caramelo.<\/p>\n\n\n\n<p class=\" has-drop-cap has-normal-font-size eplus-wrapper\">La pel\u00edcula de la reina, opera prima de Sergio Mercurio<\/p>\n<\/div>\n<\/div>\n\n\n\n<div class=\"wp-block-columns eplus-wrapper is-layout-flex wp-container-core-columns-is-layout-28f84493 wp-block-columns-is-layout-flex\">\n<div class=\"wp-block-column eplus-wrapper is-layout-flow wp-block-column-is-layout-flow\" style=\"flex-basis:33.33%\">\n<p class=\" eplus-wrapper\"><\/p>\n\n\n\n<p class=\" has-medium-font-size eplus-wrapper\">Esta pel\u00edcula no recibi\u00f3 ning\u00fan financiamiento. Esencialmente fue una aventura de 3 amigos Juan Pablo Urioste, Pablo Gonz\u00e1les y Sergio Mercurio, persiguiendo a una mujer de 70 a\u00f1os<\/p>\n<\/div>\n\n\n\n<div class=\"wp-block-column eplus-wrapper is-layout-flow wp-block-column-is-layout-flow\" style=\"flex-basis:66.66%\">\n<figure class=\" wp-block-image size-large is-resized eplus-wrapper\"><img decoding=\"async\" src=\"https:\/\/sergiomercurio.com.ar\/web\/wp-content\/uploads\/2021\/06\/la_rata1-998x1024.jpg\" alt=\"\" class=\"wp-image-9301 no-lazyload\" width=\"357\" height=\"365\" srcset=\"https:\/\/sergiomercurio.com.ar\/web\/wp-content\/uploads\/2021\/06\/la_rata1-998x1024.jpg 998w, https:\/\/sergiomercurio.com.ar\/web\/wp-content\/uploads\/2021\/06\/la_rata1-585x600.jpg 585w, https:\/\/sergiomercurio.com.ar\/web\/wp-content\/uploads\/2021\/06\/la_rata1-768x788.jpg 768w, https:\/\/sergiomercurio.com.ar\/web\/wp-content\/uploads\/2021\/06\/la_rata1.jpg 1047w\" sizes=\"(max-width: 357px) 100vw, 357px\" \/><figcaption class=\"wp-element-caption\">Juampa a la izquierda y Pablo a la derecha<\/figcaption><\/figure>\n<\/div>\n<\/div>\n\n\n\n<figure class=\"wp-block-gallery has-nested-images columns-default is-cropped eplus-wrapper wp-block-gallery-1\">\n<figure class=\" wp-block-image size-large eplus-wrapper\"><img decoding=\"async\" width=\"1024\" height=\"686\" data-id=\"9027\" src=\"https:\/\/sergiomercurio.com.ar\/web\/wp-content\/uploads\/2021\/05\/09-1024x686.jpg\" alt=\"\" class=\"wp-image-9027 no-lazyload\" srcset=\"https:\/\/sergiomercurio.com.ar\/web\/wp-content\/uploads\/2021\/05\/09-1024x686.jpg 1024w, https:\/\/sergiomercurio.com.ar\/web\/wp-content\/uploads\/2021\/05\/09-600x402.jpg 600w, https:\/\/sergiomercurio.com.ar\/web\/wp-content\/uploads\/2021\/05\/09-768x514.jpg 768w, https:\/\/sergiomercurio.com.ar\/web\/wp-content\/uploads\/2021\/05\/09-272x182.jpg 272w, https:\/\/sergiomercurio.com.ar\/web\/wp-content\/uploads\/2021\/05\/09.jpg 1417w\" sizes=\"(max-width: 1024px) 100vw, 1024px\" \/><\/figure>\n\n\n\n<figure class=\" wp-block-image size-large eplus-wrapper\"><img loading=\"lazy\" decoding=\"async\" width=\"1024\" height=\"1024\" data-id=\"9028\" src=\"https:\/\/sergiomercurio.com.ar\/web\/wp-content\/uploads\/2021\/05\/19-1024x1024.jpg\" alt=\"\" class=\"wp-image-9028 no-lazyload\" srcset=\"https:\/\/sergiomercurio.com.ar\/web\/wp-content\/uploads\/2021\/05\/19-1024x1024.jpg 1024w, https:\/\/sergiomercurio.com.ar\/web\/wp-content\/uploads\/2021\/05\/19-600x600.jpg 600w, https:\/\/sergiomercurio.com.ar\/web\/wp-content\/uploads\/2021\/05\/19-150x150.jpg 150w, https:\/\/sergiomercurio.com.ar\/web\/wp-content\/uploads\/2021\/05\/19-768x769.jpg 768w, https:\/\/sergiomercurio.com.ar\/web\/wp-content\/uploads\/2021\/05\/19.jpg 1114w\" sizes=\"(max-width: 1024px) 100vw, 1024px\" \/><\/figure>\n\n\n\n<figure class=\" wp-block-image size-large eplus-wrapper\"><img loading=\"lazy\" decoding=\"async\" width=\"1024\" height=\"684\" data-id=\"9029\" src=\"https:\/\/sergiomercurio.com.ar\/web\/wp-content\/uploads\/2021\/05\/03-1024x684.jpg\" alt=\"\" class=\"wp-image-9029 no-lazyload\" srcset=\"https:\/\/sergiomercurio.com.ar\/web\/wp-content\/uploads\/2021\/05\/03-1024x684.jpg 1024w, https:\/\/sergiomercurio.com.ar\/web\/wp-content\/uploads\/2021\/05\/03-600x401.jpg 600w, https:\/\/sergiomercurio.com.ar\/web\/wp-content\/uploads\/2021\/05\/03-768x513.jpg 768w, https:\/\/sergiomercurio.com.ar\/web\/wp-content\/uploads\/2021\/05\/03-272x182.jpg 272w, https:\/\/sergiomercurio.com.ar\/web\/wp-content\/uploads\/2021\/05\/03.jpg 1417w\" sizes=\"(max-width: 1024px) 100vw, 1024px\" \/><\/figure>\n\n\n\n<figure class=\" wp-block-image size-large eplus-wrapper\"><img loading=\"lazy\" decoding=\"async\" width=\"1024\" height=\"685\" data-id=\"9031\" src=\"https:\/\/sergiomercurio.com.ar\/web\/wp-content\/uploads\/2021\/05\/05-1024x685.jpg\" alt=\"\" class=\"wp-image-9031 no-lazyload\" srcset=\"https:\/\/sergiomercurio.com.ar\/web\/wp-content\/uploads\/2021\/05\/05-1024x685.jpg 1024w, https:\/\/sergiomercurio.com.ar\/web\/wp-content\/uploads\/2021\/05\/05-600x401.jpg 600w, https:\/\/sergiomercurio.com.ar\/web\/wp-content\/uploads\/2021\/05\/05-768x514.jpg 768w, https:\/\/sergiomercurio.com.ar\/web\/wp-content\/uploads\/2021\/05\/05-272x182.jpg 272w, https:\/\/sergiomercurio.com.ar\/web\/wp-content\/uploads\/2021\/05\/05.jpg 1417w\" sizes=\"(max-width: 1024px) 100vw, 1024px\" \/><\/figure>\n\n\n\n<figure class=\" wp-block-image size-large eplus-wrapper\"><img loading=\"lazy\" decoding=\"async\" width=\"1024\" height=\"681\" data-id=\"9032\" src=\"https:\/\/sergiomercurio.com.ar\/web\/wp-content\/uploads\/2021\/05\/7-1024x681.jpg\" alt=\"\" class=\"wp-image-9032 no-lazyload\" srcset=\"https:\/\/sergiomercurio.com.ar\/web\/wp-content\/uploads\/2021\/05\/7-1024x681.jpg 1024w, https:\/\/sergiomercurio.com.ar\/web\/wp-content\/uploads\/2021\/05\/7-600x399.jpg 600w, https:\/\/sergiomercurio.com.ar\/web\/wp-content\/uploads\/2021\/05\/7-768x511.jpg 768w, https:\/\/sergiomercurio.com.ar\/web\/wp-content\/uploads\/2021\/05\/7-272x182.jpg 272w, https:\/\/sergiomercurio.com.ar\/web\/wp-content\/uploads\/2021\/05\/7.jpg 1417w\" sizes=\"(max-width: 1024px) 100vw, 1024px\" \/><\/figure>\n\n\n\n<figure class=\" wp-block-image size-large eplus-wrapper\"><img loading=\"lazy\" decoding=\"async\" width=\"1024\" height=\"689\" data-id=\"9033\" src=\"https:\/\/sergiomercurio.com.ar\/web\/wp-content\/uploads\/2021\/05\/02-1024x689.jpg\" alt=\"\" class=\"wp-image-9033 no-lazyload\" srcset=\"https:\/\/sergiomercurio.com.ar\/web\/wp-content\/uploads\/2021\/05\/02-1024x689.jpg 1024w, https:\/\/sergiomercurio.com.ar\/web\/wp-content\/uploads\/2021\/05\/02-600x404.jpg 600w, https:\/\/sergiomercurio.com.ar\/web\/wp-content\/uploads\/2021\/05\/02-768x517.jpg 768w, https:\/\/sergiomercurio.com.ar\/web\/wp-content\/uploads\/2021\/05\/02-272x182.jpg 272w, https:\/\/sergiomercurio.com.ar\/web\/wp-content\/uploads\/2021\/05\/02.jpg 1417w\" sizes=\"(max-width: 1024px) 100vw, 1024px\" \/><\/figure>\n\n\n\n<figure class=\" wp-block-image size-large eplus-wrapper\"><img loading=\"lazy\" decoding=\"async\" width=\"667\" height=\"1024\" data-id=\"9035\" src=\"https:\/\/sergiomercurio.com.ar\/web\/wp-content\/uploads\/2021\/05\/3-667x1024.jpg\" alt=\"\" class=\"wp-image-9035 no-lazyload\" srcset=\"https:\/\/sergiomercurio.com.ar\/web\/wp-content\/uploads\/2021\/05\/3-667x1024.jpg 667w, https:\/\/sergiomercurio.com.ar\/web\/wp-content\/uploads\/2021\/05\/3-391x600.jpg 391w, https:\/\/sergiomercurio.com.ar\/web\/wp-content\/uploads\/2021\/05\/3-768x1179.jpg 768w, https:\/\/sergiomercurio.com.ar\/web\/wp-content\/uploads\/2021\/05\/3.jpg 923w\" sizes=\"(max-width: 667px) 100vw, 667px\" \/><\/figure>\n\n\n\n<figure class=\" wp-block-image size-large eplus-wrapper\"><img loading=\"lazy\" decoding=\"async\" width=\"1021\" height=\"1024\" data-id=\"9037\" src=\"https:\/\/sergiomercurio.com.ar\/web\/wp-content\/uploads\/2021\/05\/2-1021x1024.jpg\" alt=\"\" class=\"wp-image-9037 no-lazyload\" srcset=\"https:\/\/sergiomercurio.com.ar\/web\/wp-content\/uploads\/2021\/05\/2-1021x1024.jpg 1021w, https:\/\/sergiomercurio.com.ar\/web\/wp-content\/uploads\/2021\/05\/2-598x600.jpg 598w, https:\/\/sergiomercurio.com.ar\/web\/wp-content\/uploads\/2021\/05\/2-150x150.jpg 150w, https:\/\/sergiomercurio.com.ar\/web\/wp-content\/uploads\/2021\/05\/2-768x770.jpg 768w, https:\/\/sergiomercurio.com.ar\/web\/wp-content\/uploads\/2021\/05\/2.jpg 1113w\" sizes=\"(max-width: 1021px) 100vw, 1021px\" \/><\/figure>\n<figcaption class=\"blocks-gallery-caption wp-element-caption\">Fotograf\u00edas Pablo Gonz\u00e1lez<\/figcaption><\/figure>\n\n\n\n<div style=\"height:100px\" aria-hidden=\"true\" class=\" wp-block-spacer eplus-wrapper\"><\/div>\n\n\n\n<h2 class=\" wp-block-heading eplus-wrapper\">M\u00fasica del film <\/h2>\n\n\n\n<figure class=\" wp-block-audio eplus-wrapper\"><audio controls src=\"https:\/\/sergiomercurio.com.ar\/web\/wp-content\/uploads\/2021\/05\/6-Pista-06.mp3\"><\/audio><figcaption class=\"wp-element-caption\">Tema 6. Edih de Camargo<\/figcaption><\/figure>\n\n\n\n<div style=\"height:100px\" aria-hidden=\"true\" class=\" wp-block-spacer eplus-wrapper\"><\/div>\n\n\n\n<figure class=\" wp-block-image aligncenter size-large eplus-wrapper\"><img loading=\"lazy\" decoding=\"async\" width=\"1024\" height=\"247\" src=\"https:\/\/sergiomercurio.com.ar\/web\/wp-content\/uploads\/2021\/05\/premios-1-1024x247.jpg\" alt=\"\" class=\"wp-image-9047 no-lazyload\" srcset=\"https:\/\/sergiomercurio.com.ar\/web\/wp-content\/uploads\/2021\/05\/premios-1-1024x247.jpg 1024w, https:\/\/sergiomercurio.com.ar\/web\/wp-content\/uploads\/2021\/05\/premios-1-600x144.jpg 600w, https:\/\/sergiomercurio.com.ar\/web\/wp-content\/uploads\/2021\/05\/premios-1-768x185.jpg 768w, https:\/\/sergiomercurio.com.ar\/web\/wp-content\/uploads\/2021\/05\/premios-1.jpg 1026w\" sizes=\"(max-width: 1024px) 100vw, 1024px\" \/><\/figure>\n\n\n\n<div class=\"wp-block-columns eplus-wrapper is-layout-flex wp-container-core-columns-is-layout-28f84493 wp-block-columns-is-layout-flex\">\n<div class=\"wp-block-column eplus-wrapper is-layout-flow wp-block-column-is-layout-flow\">\n<blockquote class=\"wp-block-quote eplus-wrapper is-layout-flow wp-block-quote-is-layout-flow\">\n<p class=\" eplus-wrapper\"><strong>Premio del P\u00fablico 31<\/strong><br>Mostra Internacional de Cinema de Sao Paolo (Brasil, 2007)<\/p>\n<\/blockquote>\n<\/div>\n\n\n\n<div class=\"wp-block-column eplus-wrapper is-layout-flow wp-block-column-is-layout-flow\">\n<p class=\" has-text-align-center has-small-font-size eplus-wrapper\"><strong>Premio Internacional Mujer y Trabajo<\/strong><br>V Encuentro Hispanoamericano de Cine y Video Documental Independiente \u00abContra el Silencio Todas las Voces\u00bb (M\u00e9xico, 2008)<\/p>\n<\/div>\n\n\n\n<div class=\"wp-block-column eplus-wrapper is-layout-flow wp-block-column-is-layout-flow\">\n<p class=\" has-text-align-center has-small-font-size eplus-wrapper\"><strong>Menci\u00f3n Honor\u00edfica en la Categor\u00eda Mujeres<\/strong><br>V Encuentro Hispanoamericano de Cine y Video Documental Independiente \u00abContra el Silencio Todas las Voces\u00bb (M\u00e9xico, 2008)<\/p>\n<\/div>\n<\/div>\n\n\n\n<figure class=\" wp-block-image aligncenter size-large eplus-wrapper\"><img decoding=\"async\" src=\"https:\/\/sergiomercurio.com.ar\/web\/wp-content\/uploads\/2021\/06\/premio8-1.jpg\" alt=\"\" class=\"wp-image-ep_tab_wrapper__96364857-a954-437c-bec4-050018aee2b6 no-lazyload\"\/><\/figure>\n\n\n\n<div style=\"height:100px\" aria-hidden=\"true\" class=\" wp-block-spacer eplus-wrapper\"><\/div>\n\n\n\n<div class=\"wp-block-group eplus-wrapper is-layout-flow wp-block-group-is-layout-flow\">\n<h2 class=\" wp-block-heading eplus-wrapper\">Ver O Filme da Rainha (2006)<\/h2>\n\n\n\n<h5 class=\" wp-block-heading eplus-wrapper\">Elige tu idioma<\/h5>\n\n\n\n<div class=\"wp-block-ep-tabs ep_tabs_wrapper__3ba26d6d-d818-4b15-b15b-20c304f6da0c\"><div class=\"ep_tabs_root ep_tabs_top\" data-autoplay=\"false\" data-delay=\"1000\"><div class=\"ep_tabs_header \"><a href=\"#ep_tab_wrapper__c024a60a-abbe-4ffb-b803-c355aa255129\" class=\"ep_label_main\"><span class=\"ep_label\">Espa\u00f1ol<\/span><\/a><a href=\"#ep_tab_wrapper__4480138e-4ef2-43b0-baae-fa81733a111b\" class=\"ep_label_main\"><span class=\"ep_label\">Portugu\u00eas<\/span><\/a><a href=\"#ep_tab_wrapper__96364857-a954-437c-bec4-050018aee2b6\" class=\"ep_label_main\"><span class=\"ep_label\">Runasimi<\/span><\/a><a href=\"#ep_tab_wrapper__c3391e6e-b453-401c-b3a6-11682f59326a\" class=\"ep_label_main\"><span class=\"ep_label\">Guarani<\/span><\/a><a href=\"#ep_tab_wrapper__9dc57038-71bd-4c08-90e2-2216606a0516\" class=\"ep_label_main\"><span class=\"ep_label\">\u65e5\u672c<\/span><\/a><a href=\"#ep_tab_wrapper__efaa2cfa-202f-44a2-8684-a25b5c704ca6\" class=\"ep_label_main\"><span class=\"ep_label\">Italiano<\/span><\/a><a href=\"#ep_tab_wrapper__cedbf514-11b4-4b4c-b260-6c2f21b686c3\" class=\"ep_label_main\"><span class=\"ep_label\">English<\/span><\/a><a href=\"#ep_tab_wrapper__0824d3fe-f5d5-486c-ab23-59d30a3742a7\" class=\"ep_label_main\"><span class=\"ep_label\">Francese<\/span><\/a><a href=\"#ep_tab_wrapper__9f4678cc-9759-4aa8-a928-43bbcbf6f8a4\" class=\"ep_label_main\"><span class=\"ep_label\">Deutsch<\/span><\/a><\/div><div class=\"ep_tabs_wrapper undefined\">\n<div id=\"ep_tab_wrapper__c024a60a-abbe-4ffb-b803-c355aa255129\" class=\"ep_tab_item_wrapper ep_tab_wrapper__c024a60a-abbe-4ffb-b803-c355aa255129 undefined\">\n<figure class=\"wp-embed-aspect-16-9 wp-has-aspect-ratio wp-block-embed is-type-video is-provider-youtube wp-block-embed-youtube eplus-wrapper\"><div class=\"wp-block-embed__wrapper\">\n<iframe title=\"O filme da rainha\" width=\"800\" height=\"450\" src=\"https:\/\/www.youtube.com\/embed\/XGXU7IarFI0?feature=oembed\" frameborder=\"0\" allow=\"accelerometer; autoplay; clipboard-write; encrypted-media; gyroscope; picture-in-picture; web-share\" referrerpolicy=\"strict-origin-when-cross-origin\" allowfullscreen><\/iframe>\n<\/div><\/figure>\n<\/div>\n\n\n\n<div id=\"ep_tab_wrapper__4480138e-4ef2-43b0-baae-fa81733a111b\" class=\"ep_tab_item_wrapper ep_tab_wrapper__4480138e-4ef2-43b0-baae-fa81733a111b undefined\">\n<figure class=\"wp-embed-aspect-16-9 wp-has-aspect-ratio wp-block-embed is-type-video is-provider-youtube wp-block-embed-youtube eplus-wrapper\"><div class=\"wp-block-embed__wrapper\">\n<iframe title=\"O filme da rainha\" width=\"800\" height=\"450\" src=\"https:\/\/www.youtube.com\/embed\/omahq6rpyJs?feature=oembed\" frameborder=\"0\" allow=\"accelerometer; autoplay; clipboard-write; encrypted-media; gyroscope; picture-in-picture; web-share\" referrerpolicy=\"strict-origin-when-cross-origin\" allowfullscreen><\/iframe>\n<\/div><\/figure>\n<\/div>\n\n\n\n<div id=\"ep_tab_wrapper__96364857-a954-437c-bec4-050018aee2b6\" class=\"ep_tab_item_wrapper ep_tab_wrapper__96364857-a954-437c-bec4-050018aee2b6 undefined\">\n<figure class=\"wp-embed-aspect-16-9 wp-has-aspect-ratio wp-block-embed is-type-video is-provider-youtube wp-block-embed-youtube eplus-wrapper\"><div class=\"wp-block-embed__wrapper\">\n<iframe title=\"O filme da rainha\" width=\"800\" height=\"450\" src=\"https:\/\/www.youtube.com\/embed\/ogeWQqtAvV4?feature=oembed\" frameborder=\"0\" allow=\"accelerometer; autoplay; clipboard-write; encrypted-media; gyroscope; picture-in-picture; web-share\" referrerpolicy=\"strict-origin-when-cross-origin\" allowfullscreen><\/iframe>\n<\/div><\/figure>\n<\/div>\n\n\n\n<div id=\"ep_tab_wrapper__c3391e6e-b453-401c-b3a6-11682f59326a\" class=\"ep_tab_item_wrapper ep_tab_wrapper__c3391e6e-b453-401c-b3a6-11682f59326a undefined\">\n<figure class=\"wp-embed-aspect-16-9 wp-has-aspect-ratio wp-block-embed is-type-video is-provider-youtube wp-block-embed-youtube eplus-wrapper\"><div class=\"wp-block-embed__wrapper\">\n<iframe title=\"O filme da rainha\" width=\"800\" height=\"450\" src=\"https:\/\/www.youtube.com\/embed\/WMEfGHA-EfE?feature=oembed\" frameborder=\"0\" allow=\"accelerometer; autoplay; clipboard-write; encrypted-media; gyroscope; picture-in-picture; web-share\" referrerpolicy=\"strict-origin-when-cross-origin\" allowfullscreen><\/iframe>\n<\/div><\/figure>\n<\/div>\n\n\n\n<div id=\"ep_tab_wrapper__9dc57038-71bd-4c08-90e2-2216606a0516\" class=\"ep_tab_item_wrapper ep_tab_wrapper__9dc57038-71bd-4c08-90e2-2216606a0516 undefined\">\n<figure class=\"wp-embed-aspect-16-9 wp-has-aspect-ratio wp-block-embed is-type-video is-provider-youtube wp-block-embed-youtube eplus-wrapper\"><div class=\"wp-block-embed__wrapper\">\n<iframe title=\"O filme da rainha\" width=\"800\" height=\"450\" src=\"https:\/\/www.youtube.com\/embed\/omahq6rpyJs?feature=oembed\" frameborder=\"0\" allow=\"accelerometer; autoplay; clipboard-write; encrypted-media; gyroscope; picture-in-picture; web-share\" referrerpolicy=\"strict-origin-when-cross-origin\" allowfullscreen><\/iframe>\n<\/div><\/figure>\n<\/div>\n\n\n\n<div id=\"ep_tab_wrapper__efaa2cfa-202f-44a2-8684-a25b5c704ca6\" class=\"ep_tab_item_wrapper ep_tab_wrapper__efaa2cfa-202f-44a2-8684-a25b5c704ca6 undefined\">\n<figure class=\"wp-embed-aspect-16-9 wp-has-aspect-ratio wp-block-embed is-type-video is-provider-youtube wp-block-embed-youtube eplus-wrapper\"><div class=\"wp-block-embed__wrapper\">\n<iframe title=\"O filme da Rainha\" width=\"800\" height=\"450\" src=\"https:\/\/www.youtube.com\/embed\/kcqWfzOi2Bg?feature=oembed\" frameborder=\"0\" allow=\"accelerometer; autoplay; clipboard-write; encrypted-media; gyroscope; picture-in-picture; web-share\" referrerpolicy=\"strict-origin-when-cross-origin\" allowfullscreen><\/iframe>\n<\/div><\/figure>\n<\/div>\n\n\n\n<div id=\"ep_tab_wrapper__cedbf514-11b4-4b4c-b260-6c2f21b686c3\" class=\"ep_tab_item_wrapper ep_tab_wrapper__cedbf514-11b4-4b4c-b260-6c2f21b686c3 undefined\">\n<figure class=\"wp-embed-aspect-16-9 wp-has-aspect-ratio wp-block-embed is-type-video is-provider-youtube wp-block-embed-youtube eplus-wrapper\"><div class=\"wp-block-embed__wrapper\">\n<iframe title=\"O filme da rainha\" width=\"800\" height=\"450\" src=\"https:\/\/www.youtube.com\/embed\/OvQg0xRbJU8?feature=oembed\" frameborder=\"0\" allow=\"accelerometer; autoplay; clipboard-write; encrypted-media; gyroscope; picture-in-picture; web-share\" referrerpolicy=\"strict-origin-when-cross-origin\" allowfullscreen><\/iframe>\n<\/div><\/figure>\n<\/div>\n\n\n\n<div id=\"ep_tab_wrapper__0824d3fe-f5d5-486c-ab23-59d30a3742a7\" class=\"ep_tab_item_wrapper ep_tab_wrapper__0824d3fe-f5d5-486c-ab23-59d30a3742a7 undefined\">\n<figure class=\"wp-embed-aspect-16-9 wp-has-aspect-ratio wp-block-embed is-type-video is-provider-youtube wp-block-embed-youtube eplus-wrapper\"><div class=\"wp-block-embed__wrapper\">\n<iframe title=\"O filme da rainha\" width=\"800\" height=\"450\" src=\"https:\/\/www.youtube.com\/embed\/UxhDRgv9hiI?feature=oembed\" frameborder=\"0\" allow=\"accelerometer; autoplay; clipboard-write; encrypted-media; gyroscope; picture-in-picture; web-share\" referrerpolicy=\"strict-origin-when-cross-origin\" allowfullscreen><\/iframe>\n<\/div><\/figure>\n<\/div>\n\n\n\n<div id=\"ep_tab_wrapper__9f4678cc-9759-4aa8-a928-43bbcbf6f8a4\" class=\"ep_tab_item_wrapper ep_tab_wrapper__9f4678cc-9759-4aa8-a928-43bbcbf6f8a4 undefined\">\n<figure class=\"wp-embed-aspect-16-9 wp-has-aspect-ratio wp-block-embed is-type-video is-provider-youtube wp-block-embed-youtube eplus-wrapper\"><div class=\"wp-block-embed__wrapper\">\n<iframe title=\"O filme da rainha\" width=\"800\" height=\"450\" src=\"https:\/\/www.youtube.com\/embed\/GvtKjRjtLbk?feature=oembed\" frameborder=\"0\" allow=\"accelerometer; autoplay; clipboard-write; encrypted-media; gyroscope; picture-in-picture; web-share\" referrerpolicy=\"strict-origin-when-cross-origin\" allowfullscreen><\/iframe>\n<\/div><\/figure>\n<\/div>\n<\/div><style>.eplus_styles .ep_tabs_wrapper__3ba26d6d-d818-4b15-b15b-20c304f6da0c .ep_tabs_header {\n                \n                flex-basis: 15% ;\n            }.eplus_styles .ep_tabs_wrapper__3ba26d6d-d818-4b15-b15b-20c304f6da0c .ep_tabs_root {\n                \n                gap: 0px ;\n            }.eplus_styles .ep_tabs_wrapper__3ba26d6d-d818-4b15-b15b-20c304f6da0c .ep_label {\n                \n                color: #1e1e1e;\nfont-size: 17px ;\n            }\n            \n\n        \n\n         \n\n        \n        \n      .eplus_styles  .ep_label_main:hover .ep_label {\n        color: #ffffff;\n      }.eplus_styles .ep_tabs_wrapper__3ba26d6d-d818-4b15-b15b-20c304f6da0c .ep_sub_label {\n                \n                color: #1e1e1e;\nfont-size: 15px ;\n            }\n            \n\n        \n\n         \n\n        \n        \n      .eplus_styles  .ep_label_main:hover .ep_sub_label {\n        color: #ffffff;\n      }.eplus_styles .ep_tabs_wrapper__3ba26d6d-d818-4b15-b15b-20c304f6da0c .ep_active_tab .ep_label {\n                \n                color: #ffffff;\n            }.eplus_styles .ep_tabs_wrapper__3ba26d6d-d818-4b15-b15b-20c304f6da0c .ep_active_tab .ep_sub_label {\n                \n                color: #ffffff;\n            }.eplus_styles .ep_tabs_wrapper__3ba26d6d-d818-4b15-b15b-20c304f6da0c .ep_label_main {\n                \n                background-image: linear-gradient(#f0f0f0, #f0f0f0);\n            }\n            \n\n        \n\n         \n\n        \n            .eplus_styles .ep_tabs_wrapper__3ba26d6d-d818-4b15-b15b-20c304f6da0c .ep_label_main:hover {\n                background-image: linear-gradient(#007cba, #007cba);\n            }.eplus_styles .ep_tabs_wrapper__3ba26d6d-d818-4b15-b15b-20c304f6da0c .ep_active_tab {\n                \n                background-image: linear-gradient(#007cba, #007cba);\n            }.eplus_styles .ep_tabs_wrapper__3ba26d6d-d818-4b15-b15b-20c304f6da0c .ep_tab_item_wrapper {\n                \n                background-image: linear-gradient(#f0f0f0, #f0f0f0);\n            }.eplus_styles .ep_tabs_wrapper__3ba26d6d-d818-4b15-b15b-20c304f6da0c .ep_label_main {\n                \n                padding-top: 15px ;\npadding-right: 15px ;\npadding-bottom: 15px ;\npadding-left: 15px ;\n            }.eplus_styles .ep_tabs_wrapper__3ba26d6d-d818-4b15-b15b-20c304f6da0c .ep_tab_item_wrapper {\n                \n                padding-top: 15px ;\npadding-right: 15px ;\npadding-bottom: 15px ;\npadding-left: 15px ;\n            }.eplus_styles .ep_tabs_wrapper__3ba26d6d-d818-4b15-b15b-20c304f6da0c .ep_tabs_header {\n                \n                gap: 5px ;\n            }.eplus_styles .ep_tabs_wrapper__3ba26d6d-d818-4b15-b15b-20c304f6da0c .ep_tabs_header {\n                \n                justify-content: flex-start;\n            }<\/style><\/div><\/div>\n<\/div>\n","protected":false},"excerpt":{"rendered":"<p>Documetal sobre la vida de Efig\u00eania Ramos Rolim, una mujer de 74 a\u00f1os que naci\u00f3 en un pueblo de Minas Gerais, Brasil. Vive hace 15 a\u00f1os en la ciudad Curitiba (Paran\u00e1), Brasil, para donde se mud\u00f3 con sus nueve hijos y un marido enfermo. A los 60 a\u00f1os, despu\u00e9s de haber enviudado y criado sus [&hellip;]<\/p>\n","protected":false},"author":1,"featured_media":9303,"parent":16,"menu_order":0,"comment_status":"closed","ping_status":"closed","template":"","meta":{"ngg_post_thumbnail":0,"footnotes":""},"categories":[687],"tags":[258,255,256,252,251,257,253],"class_list":["post-18","page","type-page","status-publish","has-post-thumbnail","hentry","category-documentales","tag-brasil-argentina-bolivia","tag-documentales-extranos","tag-documentales-sergio-mercurio","tag-efigenia-ramos-rollim","tag-o-filme-da-rainha","tag-pelicula-independiente","tag-premio-mostra-de-sao-paolo"],"_links":{"self":[{"href":"https:\/\/sergiomercurio.com.ar\/web\/wp-json\/wp\/v2\/pages\/18","targetHints":{"allow":["GET"]}}],"collection":[{"href":"https:\/\/sergiomercurio.com.ar\/web\/wp-json\/wp\/v2\/pages"}],"about":[{"href":"https:\/\/sergiomercurio.com.ar\/web\/wp-json\/wp\/v2\/types\/page"}],"author":[{"embeddable":true,"href":"https:\/\/sergiomercurio.com.ar\/web\/wp-json\/wp\/v2\/users\/1"}],"replies":[{"embeddable":true,"href":"https:\/\/sergiomercurio.com.ar\/web\/wp-json\/wp\/v2\/comments?post=18"}],"version-history":[{"count":0,"href":"https:\/\/sergiomercurio.com.ar\/web\/wp-json\/wp\/v2\/pages\/18\/revisions"}],"up":[{"embeddable":true,"href":"https:\/\/sergiomercurio.com.ar\/web\/wp-json\/wp\/v2\/pages\/16"}],"wp:featuredmedia":[{"embeddable":true,"href":"https:\/\/sergiomercurio.com.ar\/web\/wp-json\/wp\/v2\/media\/9303"}],"wp:attachment":[{"href":"https:\/\/sergiomercurio.com.ar\/web\/wp-json\/wp\/v2\/media?parent=18"}],"wp:term":[{"taxonomy":"category","embeddable":true,"href":"https:\/\/sergiomercurio.com.ar\/web\/wp-json\/wp\/v2\/categories?post=18"},{"taxonomy":"post_tag","embeddable":true,"href":"https:\/\/sergiomercurio.com.ar\/web\/wp-json\/wp\/v2\/tags?post=18"}],"curies":[{"name":"wp","href":"https:\/\/api.w.org\/{rel}","templated":true}]}}