{"id":47,"date":"2012-06-09T00:08:10","date_gmt":"2012-06-09T03:08:10","guid":{"rendered":"https:\/\/sergiomercurio.com.ar\/web\/?page_id=47"},"modified":"2024-01-14T15:54:53","modified_gmt":"2024-01-14T18:54:53","slug":"de-banfield-a-mexico","status":"publish","type":"page","link":"https:\/\/sergiomercurio.com.ar\/web\/libros-y-cd\/de-banfield-a-mexico\/","title":{"rendered":"De Banfield a M\u00e9xico"},"content":{"rendered":"<p><a href=\"https:\/\/sergiomercurio.com.ar\/web\/wp-content\/uploads\/2012\/06\/tapa-de-banfield-a-mexico.jpg\" class=\"no-lazyload\"><img fetchpriority=\"high\" decoding=\"async\" class=\"alignleft wp-image-2032 no-lazyload\" src=\"https:\/\/sergiomercurio.com.ar\/web\/wp-content\/uploads\/2012\/06\/tapa-de-banfield-a-mexico.jpg\" alt=\"tapa-de-banfield-a-mexico\" width=\"500\" height=\"599\" srcset=\"https:\/\/sergiomercurio.com.ar\/web\/wp-content\/uploads\/2012\/06\/tapa-de-banfield-a-mexico.jpg 598w, https:\/\/sergiomercurio.com.ar\/web\/wp-content\/uploads\/2012\/06\/tapa-de-banfield-a-mexico-416x498.jpg 416w, https:\/\/sergiomercurio.com.ar\/web\/wp-content\/uploads\/2012\/06\/tapa-de-banfield-a-mexico-251x300.jpg 251w\" sizes=\"(max-width: 500px) 100vw, 500px\" \/><\/a><\/p>\n<p>&nbsp;<\/p>\n<p>&nbsp;<\/p>\n<p>&nbsp;<\/p>\n<p>&nbsp;<\/p>\n<p>&nbsp;<\/p>\n<p>&nbsp;<\/p>\n<p>&nbsp;<\/p>\n<p>&nbsp;<\/p>\n<p>&nbsp;<\/p>\n<p>&nbsp;<\/p>\n<p>&nbsp;<\/p>\n<p>&nbsp;<\/p>\n<p>&nbsp;<\/p>\n<p>&nbsp;<\/p>\n<p><strong>En 1992, Sergio Mercurio emprendi\u00f3 un viaje desde la ciudad de Banfield, en la Argentina, hacia M\u00e9xico.<\/strong><\/p>\n<p><strong>El camino lo descubri\u00f3 titiritero.<\/strong><\/p>\n<p><strong>Este libro es un diario de viaje.<\/strong><\/p>\n<p>&nbsp;<\/p>\n<p>1ra edici\u00f3n 2004 (1000 ejemplares)<\/p>\n<p>1 reimpresi\u00f3n 2006 (1000 ejemplares)<\/p>\n<p>2 edici\u00f3n&nbsp; 2010 (1000 ejemplares)<\/p>\n<p>3ra edici\u00f3n 2016 (2000 ejemplares)<\/p>\n<p>&nbsp;<\/p>\n<p>&nbsp;<\/p>\n<p><img decoding=\"async\" src=\"https:\/\/www.paypalobjects.com\/pt_BR\/i\/scr\/pixel.gif\" alt=\"\" width=\"1\" height=\"1\" border=\"0\" class=\"no-lazyload\"><\/p>\n\n\n<div class=\"wp-block-cover has-background-dim eplus-mjtudm margin\"><img decoding=\"async\" width=\"598\" height=\"716\" class=\"wp-block-cover__image-background wp-image-2032 no-lazyload\" alt=\"\" src=\"https:\/\/sergiomercurio.com.ar\/web\/wp-content\/uploads\/2012\/06\/tapa-de-banfield-a-mexico.jpg\" style=\"object-position:47% 33%\" data-object-fit=\"cover\" data-object-position=\"47% 33%\" srcset=\"https:\/\/sergiomercurio.com.ar\/web\/wp-content\/uploads\/2012\/06\/tapa-de-banfield-a-mexico.jpg 598w, https:\/\/sergiomercurio.com.ar\/web\/wp-content\/uploads\/2012\/06\/tapa-de-banfield-a-mexico-416x498.jpg 416w, https:\/\/sergiomercurio.com.ar\/web\/wp-content\/uploads\/2012\/06\/tapa-de-banfield-a-mexico-251x300.jpg 251w\" sizes=\"(max-width: 598px) 100vw, 598px\" \/><div class=\"wp-block-cover__inner-container is-layout-flow wp-block-cover-is-layout-flow\">\n<p class=\"has-text-align-center eplus-WZ5xSj has-large-font-size\">Comprar el libro<\/p>\n\n\n\n<div class=\"wp-block-buttons is-content-justification-center eplus-0pSMpk is-layout-flex wp-block-buttons-is-layout-flex\">\n<div class=\"wp-block-button eplus-eBIEIv\"><a class=\"wp-block-button__link has-ccp-white-color has-ccp-red-background-color has-text-color has-background\" href=\"https:\/\/www.libreriasudestada.com.ar\/search\/?q=titiritero\" target=\"_blank\" rel=\"noreferrer noopener\">Ir a la tienda de Sudestada<\/a><\/div>\n<\/div>\n<\/div><\/div>\n","protected":false},"excerpt":{"rendered":"<p>&nbsp; &nbsp; &nbsp; &nbsp; &nbsp; &nbsp; &nbsp; &nbsp; &nbsp; &nbsp; &nbsp; &nbsp; &nbsp; &nbsp; En 1992, Sergio Mercurio emprendi\u00f3 un viaje desde la ciudad de Banfield, en la Argentina, hacia M\u00e9xico. El camino lo descubri\u00f3 titiritero. Este libro es un diario de viaje. &nbsp; 1ra edici\u00f3n 2004 (1000 ejemplares) 1 reimpresi\u00f3n 2006 (1000 ejemplares) 2 [&hellip;]<\/p>\n","protected":false},"author":1,"featured_media":0,"parent":86,"menu_order":2,"comment_status":"closed","ping_status":"closed","template":"","meta":{"ngg_post_thumbnail":0,"footnotes":""},"categories":[64],"tags":[],"class_list":["post-47","page","type-page","status-publish","hentry","category-libro"],"_links":{"self":[{"href":"https:\/\/sergiomercurio.com.ar\/web\/wp-json\/wp\/v2\/pages\/47","targetHints":{"allow":["GET"]}}],"collection":[{"href":"https:\/\/sergiomercurio.com.ar\/web\/wp-json\/wp\/v2\/pages"}],"about":[{"href":"https:\/\/sergiomercurio.com.ar\/web\/wp-json\/wp\/v2\/types\/page"}],"author":[{"embeddable":true,"href":"https:\/\/sergiomercurio.com.ar\/web\/wp-json\/wp\/v2\/users\/1"}],"replies":[{"embeddable":true,"href":"https:\/\/sergiomercurio.com.ar\/web\/wp-json\/wp\/v2\/comments?post=47"}],"version-history":[{"count":0,"href":"https:\/\/sergiomercurio.com.ar\/web\/wp-json\/wp\/v2\/pages\/47\/revisions"}],"up":[{"embeddable":true,"href":"https:\/\/sergiomercurio.com.ar\/web\/wp-json\/wp\/v2\/pages\/86"}],"wp:attachment":[{"href":"https:\/\/sergiomercurio.com.ar\/web\/wp-json\/wp\/v2\/media?parent=47"}],"wp:term":[{"taxonomy":"category","embeddable":true,"href":"https:\/\/sergiomercurio.com.ar\/web\/wp-json\/wp\/v2\/categories?post=47"},{"taxonomy":"post_tag","embeddable":true,"href":"https:\/\/sergiomercurio.com.ar\/web\/wp-json\/wp\/v2\/tags?post=47"}],"curies":[{"name":"wp","href":"https:\/\/api.w.org\/{rel}","templated":true}]}}