{"id":8359,"date":"2021-03-14T20:56:46","date_gmt":"2021-03-14T23:56:46","guid":{"rendered":"https:\/\/sergiomercurio.com.ar\/web\/?page_id=8359"},"modified":"2024-01-14T15:54:52","modified_gmt":"2024-01-14T18:54:52","slug":"tekenika","status":"publish","type":"page","link":"https:\/\/sergiomercurio.com.ar\/web\/tekenika\/","title":{"rendered":"TEKENIKA"},"content":{"rendered":"\n<p class=\" eplus-wrapper\">Durante el a\u00f1o 2018 y 2019, en la radio LA CASA de Claypole,  los d\u00edas lunes inventamos Tekenika. Nos juntamos dos amigos y sus familia para realizar un programa que nos permitiera estar con nuestros hijos, conocer, aprender y jugar. . Fueron 10 programas acerca de Am\u00e9rica y se llam\u00f3 Tekenika que como todo el mundo sabe quiere decir&#8230; (hay que escuchar los programas para adivinarlo). Repartimos tareas entre todos: historia, p\u00e1jaros, m\u00fasicos, juego y m\u00e1s juego y en el medio de esto los adelantados y atrasados que Am\u00e9rica tiene consigo.  Fuimos aprendiendo a hacerlo, mientras aprend\u00edamos de Am\u00e9rica. <\/p>\n\n\n\n<p class=\" eplus-wrapper\">Todos los programas completos <\/p>\n\n\n\n<figure class=\"wp-block-image size-large is-resized eplus-wrapper\"><img fetchpriority=\"high\" decoding=\"async\" src=\"https:\/\/sergiomercurio.com.ar\/web\/wp-content\/uploads\/2021\/03\/TEKENIKA.jpg\" alt=\"\" class=\"wp-image-8631 no-lazyload\" width=\"827\" height=\"301\" srcset=\"https:\/\/sergiomercurio.com.ar\/web\/wp-content\/uploads\/2021\/03\/TEKENIKA.jpg 606w, https:\/\/sergiomercurio.com.ar\/web\/wp-content\/uploads\/2021\/03\/TEKENIKA-600x219.jpg 600w\" sizes=\"(max-width: 827px) 100vw, 827px\" \/><\/figure>\n\n\n\n<h2 class=\"eplus-wrapper wp-block-heading\">Episodio N\u00famero 1. Completo<\/h2>\n\n\n\n<figure class=\"wp-block-audio eplus-wrapper\"><audio controls src=\"https:\/\/sergiomercurio.com.ar\/web\/wp-content\/uploads\/2021\/03\/1-Tekenika-nuevo.mp3\"><\/audio><figcaption>Sobre Am\u00e9rico Vespuccio, sobre Andy Palacio, Sobre Belice.<\/figcaption><\/figure>\n\n\n\n<h2 class=\"eplus-wrapper wp-block-heading\">Episodio N\u00famero 2. Completo<\/h2>\n\n\n\n<figure class=\"wp-block-audio eplus-wrapper\"><audio controls src=\"https:\/\/sergiomercurio.com.ar\/web\/wp-content\/uploads\/2021\/03\/tekenika-2.mp3\"><\/audio><figcaption>Sobre Alvar Nu\u00f1ez Cabeza de Vaca, sobre Guillermo Anderson<\/figcaption><\/figure>\n\n\n\n<p class=\" eplus-wrapper\"><\/p>\n\n\n\n<h2 class=\"eplus-wrapper wp-block-heading\">Amanda, Malena, Violeta, Lucas, Sergio Y Mariano, de menor a mayor.<\/h2>\n\n\n\n<figure class=\"wp-block-image size-large is-resized eplus-wrapper\"><img decoding=\"async\" src=\"https:\/\/sergiomercurio.com.ar\/web\/wp-content\/uploads\/2021\/03\/TEKENIKA-foto-de-todos-1024x660.jpg\" alt=\"\" class=\"wp-image-8636 no-lazyload\" width=\"813\" height=\"524\" srcset=\"https:\/\/sergiomercurio.com.ar\/web\/wp-content\/uploads\/2021\/03\/TEKENIKA-foto-de-todos-1024x660.jpg 1024w, https:\/\/sergiomercurio.com.ar\/web\/wp-content\/uploads\/2021\/03\/TEKENIKA-foto-de-todos-600x387.jpg 600w, https:\/\/sergiomercurio.com.ar\/web\/wp-content\/uploads\/2021\/03\/TEKENIKA-foto-de-todos-768x495.jpg 768w, https:\/\/sergiomercurio.com.ar\/web\/wp-content\/uploads\/2021\/03\/TEKENIKA-foto-de-todos-1536x990.jpg 1536w, https:\/\/sergiomercurio.com.ar\/web\/wp-content\/uploads\/2021\/03\/TEKENIKA-foto-de-todos-2048x1320.jpg 2048w\" sizes=\"(max-width: 813px) 100vw, 813px\" \/><\/figure>\n\n\n\n<h2 class=\"eplus-wrapper wp-block-heading\">Episodio 3. Tekenika<\/h2>\n\n\n\n<p class=\" eplus-wrapper\"><\/p>\n\n\n\n<figure class=\"wp-block-audio eplus-wrapper\"><audio controls src=\"https:\/\/sergiomercurio.com.ar\/web\/wp-content\/uploads\/2021\/03\/tekenika3.mp3\"><\/audio><figcaption>Sobre Hans Staden<\/figcaption><\/figure>\n\n\n\n<h2 class=\"eplus-wrapper wp-block-heading\">Episodio 4. Tekenika<\/h2>\n\n\n\n<figure class=\"wp-block-audio eplus-wrapper\"><audio controls src=\"https:\/\/sergiomercurio.com.ar\/web\/wp-content\/uploads\/2021\/04\/4.-tekenika4.mp3\"><\/audio><figcaption>Sobre Pigafetta, Sobre Perro Zompopo<\/figcaption><\/figure>\n\n\n\n<h2 class=\"eplus-wrapper wp-block-heading\">Episodio 5. Tekenika<\/h2>\n\n\n\n<figure class=\"wp-block-audio eplus-wrapper\"><audio controls src=\"blob:https:\/\/sergiomercurio.com.ar\/038d213a-cd4e-4e26-a616-4374c8ef9d79\"><\/audio><figcaption>Sobre Lope de Aguirre. El gordo de guatemala<\/figcaption><\/figure>\n\n\n\n<h2 class=\"eplus-wrapper wp-block-heading\">Episodio 6. Tekenika<\/h2>\n\n\n\n<figure class=\"wp-block-audio eplus-wrapper\"><audio controls src=\"https:\/\/sergiomercurio.com.ar\/web\/wp-content\/uploads\/2021\/04\/6.-Teknika-6.mp3\"><\/audio><figcaption>Sobre Crist\u00f3bal Col\u00f3n<\/figcaption><\/figure>\n\n\n\n<h2 class=\"eplus-wrapper wp-block-heading\">Episodio 7. Tekenika<\/h2>\n\n\n\n<figure class=\"wp-block-audio eplus-wrapper\"><audio controls src=\"https:\/\/sergiomercurio.com.ar\/web\/wp-content\/uploads\/2021\/03\/tekenika-7.mp3\"><\/audio><figcaption>sobre Bartolom\u00e9 de las Casas<\/figcaption><\/figure>\n\n\n\n<h2 class=\"eplus-wrapper wp-block-heading\">Episodio 9. Tekenika<\/h2>\n\n\n\n<figure class=\"wp-block-audio eplus-wrapper\"><audio controls src=\"https:\/\/sergiomercurio.com.ar\/web\/wp-content\/uploads\/2021\/03\/tekenika-9.mp3\"><\/audio><figcaption>sobre Don Pedro de Mendoza<\/figcaption><\/figure>\n\n\n\n<h2 class=\"eplus-wrapper wp-block-heading\">Episodio 10. Tekenika<\/h2>\n\n\n\n<figure class=\"wp-block-audio eplus-wrapper\"><audio controls src=\"https:\/\/sergiomercurio.com.ar\/web\/wp-content\/uploads\/2021\/04\/tekenika-10.mp3\"><\/audio><figcaption>Sobre Eric El rojo<\/figcaption><\/figure>\n\n\n\n<p class=\" eplus-wrapper\"><\/p>\n","protected":false},"excerpt":{"rendered":"<p>Durante el a\u00f1o 2018 y 2019, en la radio LA CASA de Claypole, los d\u00edas lunes inventamos Tekenika. Nos juntamos dos amigos y sus familia para realizar un programa que nos permitiera estar con nuestros hijos, conocer, aprender y jugar. . Fueron 10 programas acerca de Am\u00e9rica y se llam\u00f3 Tekenika que como todo el [&hellip;]<\/p>\n","protected":false},"author":1,"featured_media":8631,"parent":0,"menu_order":0,"comment_status":"closed","ping_status":"closed","template":"","meta":{"ngg_post_thumbnail":0,"footnotes":""},"categories":[62,1,5,10,335,329,52,99,89,4,78,94,77,64,63,66,282,51,270,48,315,88,104,107,95,96],"tags":[181,195,194,119,193,111,109,190],"class_list":["post-8359","page","type-page","status-publish","has-post-thumbnail","hentry","category-articulos","category-borrador","category-charlas-noticias","category-cositas","category-cronica-de-miedo","category-de-otros","category-dibujos","category-echado-de-la-libreria","category-ensayo-roberto-franco-cast","category-medios","category-estudiantes","category-formaciones","category-jardin-ui","category-libro","category-material-jardin","category-obras","category-pelotudeces","category-podcast","category-poesia","category-portada","category-relatos","category-roberto-franco","category-tekenika","category-tekenika-podcast","category-viejos","category-viejos-de-mi","tag-americo-vespuccio","tag-don-pedro-de-mendoza","tag-erico-el-rojo","tag-hans-staden","tag-luzmila-carpio","tag-pedro-alvarez-cabral","tag-tekenika","tag-violeta-mercurio"],"_links":{"self":[{"href":"https:\/\/sergiomercurio.com.ar\/web\/wp-json\/wp\/v2\/pages\/8359","targetHints":{"allow":["GET"]}}],"collection":[{"href":"https:\/\/sergiomercurio.com.ar\/web\/wp-json\/wp\/v2\/pages"}],"about":[{"href":"https:\/\/sergiomercurio.com.ar\/web\/wp-json\/wp\/v2\/types\/page"}],"author":[{"embeddable":true,"href":"https:\/\/sergiomercurio.com.ar\/web\/wp-json\/wp\/v2\/users\/1"}],"replies":[{"embeddable":true,"href":"https:\/\/sergiomercurio.com.ar\/web\/wp-json\/wp\/v2\/comments?post=8359"}],"version-history":[{"count":0,"href":"https:\/\/sergiomercurio.com.ar\/web\/wp-json\/wp\/v2\/pages\/8359\/revisions"}],"wp:featuredmedia":[{"embeddable":true,"href":"https:\/\/sergiomercurio.com.ar\/web\/wp-json\/wp\/v2\/media\/8631"}],"wp:attachment":[{"href":"https:\/\/sergiomercurio.com.ar\/web\/wp-json\/wp\/v2\/media?parent=8359"}],"wp:term":[{"taxonomy":"category","embeddable":true,"href":"https:\/\/sergiomercurio.com.ar\/web\/wp-json\/wp\/v2\/categories?post=8359"},{"taxonomy":"post_tag","embeddable":true,"href":"https:\/\/sergiomercurio.com.ar\/web\/wp-json\/wp\/v2\/tags?post=8359"}],"curies":[{"name":"wp","href":"https:\/\/api.w.org\/{rel}","templated":true}]}}