{"id":8453,"date":"2021-01-03T19:25:28","date_gmt":"2021-01-03T22:25:28","guid":{"rendered":"https:\/\/sergiomercurio.com.ar\/web\/?page_id=8453"},"modified":"2024-01-14T15:54:52","modified_gmt":"2024-01-14T18:54:52","slug":"cursos-online","status":"publish","type":"page","link":"https:\/\/sergiomercurio.com.ar\/web\/cursos-online\/","title":{"rendered":"El Jard\u00edn de UI"},"content":{"rendered":"\n<h2 class=\" wp-block-heading has-text-align-center has-text-color eplus-wrapper\" style=\"color:#73160e\">Talleres y Cursos | Presenciales &#8211; Virtuales | Individuales &#8211; Grupales<\/h2>\n\n\n\n<div style=\"height:54px\" aria-hidden=\"true\" class=\" wp-block-spacer eplus-wrapper\"><\/div>\n\n\n\n<p class=\" has-medium-font-size eplus-wrapper\">En algunas palabras (Importante: Este jardim fala portugu\u00eas)<\/p>\n\n\n\n<h2 class=\" wp-block-heading eplus-wrapper\"><strong>\u00bfPor qu\u00e9 un Jard\u00edn?<\/strong><\/h2>\n\n\n\n<div class=\"wp-block-columns eplus-wrapper is-layout-flex wp-container-core-columns-is-layout-28f84493 wp-block-columns-is-layout-flex\">\n<div class=\"wp-block-column eplus-wrapper is-layout-flow wp-block-column-is-layout-flow\">\n<p class=\" has-text-align-center eplus-wrapper\">Este sitio no se llama escuela. Conozco <strong>mucha<\/strong> gente a quienes las universidades los han llenado de conceptos y <strong>miedo<\/strong> de buscarse. por eso, aunque t\u00e9cnicamente es algo parecido, no lo es. Es un jard\u00edn. Hace miles de a\u00f1os Epicuro invit\u00f3 a todos los que quisieran a entrar a su jard\u00edn. Lo que escribi\u00f3 fue quemado y nos quedan de \u00e9l apenas algunas cartas y citas.<\/p>\n\n\n\n<p class=\" has-text-align-center eplus-wrapper\">Me animo entonces a decir que estoy creando un jard\u00edn virtual. En este jard\u00edn podes pasearte en algunos cursos que he creado. Mi intenci\u00f3n es tener un jard\u00edn como el de Epicuro, y espero que ese ejercicio nos traiga conocimiento y encuentro.<\/p>\n\n\n\n<p class=\" has-text-align-center eplus-wrapper\">Pod\u00e9s escribirme para tener una charla y que decidas el curso<br><a href=\"mailto:sergio.mercurio@gmail.com\">sergio.mercurio@gmail.com<\/a><\/p>\n<\/div>\n\n\n\n<div class=\"wp-block-column eplus-wrapper is-layout-flow wp-block-column-is-layout-flow\">\n<p class=\" has-text-align-center eplus-wrapper\">El Jardin de UI, no te dar\u00e1 t\u00edtulos. Me gusta estar siendo autodidacta, me agrada estar ignorante y curioso. Si ten\u00e9s duda que he hecho, preguntale a google, solo quiero agregar que he preparado estos cursos de la misma manera que he hecho lo que he hecho: con un est\u00edmulo doble que me identifica: La <strong>Curiosidad<\/strong> y La <strong>Ignorancia<\/strong>. Movido siempre por aquello que me puso la <strong>piel de gallina<\/strong>.<\/p>\n\n\n\n<p class=\" has-text-align-center eplus-wrapper\">Como antecedente valedero afirmo que todos los que en alg\u00fan momento de su vida hicieron algo nuevo, diferente o importante tuvieron un ignorante cerca o impuls\u00e1ndolos.<\/p>\n\n\n\n<p class=\" has-text-align-center eplus-wrapper\">Veremos si yo soy ese tipo de ignorante<\/p>\n\n\n\n<p class=\" has-text-align-center eplus-wrapper\">Lo dem\u00e1s lo dir\u00e1 el tiempo.<\/p>\n<\/div>\n<\/div>\n\n\n\n<figure class=\" wp-block-video eplus-wrapper\"><video controls poster=\"https:\/\/sergiomercurio.com.ar\/web\/wp-content\/uploads\/2019\/09\/Captura-de-pantalla-2019-03-20-a-las-19.21.39.png\" preload=\"auto\" src=\"https:\/\/sergiomercurio.com.ar\/web\/wp-content\/uploads\/2023\/12\/Publicidad-Jardin3.mp4\" class=\"no-lazyload\"><\/video><\/figure>\n\n\n\n<div style=\"height:100px\" aria-hidden=\"true\" class=\" wp-block-spacer eplus-wrapper\"><\/div>\n\n\n\n<div class=\" wp-block-cover eplus-wrapper\" style=\"min-height:135px;aspect-ratio:unset;\"><span aria-hidden=\"true\" class=\"wp-block-cover__background has-vivid-red-background-color has-background-dim-100 has-background-dim\"><\/span><div class=\"wp-block-cover__inner-container is-layout-flow wp-block-cover-is-layout-flow\">\n<p class=\" has-text-align-center has-medium-font-size eplus-wrapper\">Todos los cursos son en Castellano- Portugu\u00eas<\/p>\n<\/div><\/div>\n\n\n\n<div style=\"height:100px\" aria-hidden=\"true\" class=\" wp-block-spacer eplus-wrapper\"><\/div>\n\n\n\n<h2 class=\" wp-block-heading has-text-align-left has-huge-font-size eplus-wrapper\">Talleres y Clases Individuales<\/h2>\n\n\n\n<div class=\" wp-block-cover aligncenter eplus-wrapper\"><span aria-hidden=\"true\" class=\"wp-block-cover__background has-background-dim-100 has-background-dim\" style=\"background-color:#1765bf\"><\/span><div class=\"wp-block-cover__inner-container is-layout-flow wp-block-cover-is-layout-flow\">\n<h1 class=\" wp-block-heading has-text-align-center eplus-wrapper\"><strong>O\u00eddor.<\/strong> <\/h1>\n\n\n\n<h4 class=\" wp-block-heading has-text-align-center eplus-wrapper\">Encuentro para acompa\u00f1ar el proceso creativo<\/h4>\n\n\n\n<h4 class=\" wp-block-heading eplus-wrapper\">Presencial o virtual<\/h4>\n\n\n\n<div class=\"wp-block-columns eplus-wrapper is-layout-flex wp-container-core-columns-is-layout-28f84493 wp-block-columns-is-layout-flex\">\n<div class=\"wp-block-column eplus-wrapper is-layout-flow wp-block-column-is-layout-flow\">\n<p class=\" has-white-color has-text-color eplus-wrapper\">El O\u00eddor no opina sobre ideas. Solo sobre lo hecho.  El o\u00eddor no tiene objetivos personales con respecto a tu creaci\u00f3n. Solamente con respecto a lo que estas creando. Oidor ofrece la posibilidad de escucharte, para  limpiar trabajos&nbsp;y aportarte algunas preguntas que te ayuden a ordenar el momento de tu proceso creativo y  continuar en \u00e9l .  Tratar\u00e9 de hacerlo como lo hicieron conmigo Es muy importante que sepas que  los que me ayudaron muy pocos fueron artistas. Me propongo tomarme el tiempo para leer, ver o escuchar lo que est\u00e1s haciendo y luego reunirme con vos y compartir lo que sienta que puede ayudarte a finalizar tu labor . No voy a darte lecciones. Voy a ayudarte.<\/p>\n<\/div>\n\n\n\n<div class=\"wp-block-column eplus-wrapper is-layout-flow wp-block-column-is-layout-flow\">\n<p class=\" eplus-wrapper\">Luego de la charla  entrar\u00e1s  a El Jardin De Ui y subiras tu material, y responderas preguntas que te ayudar\u00e1n a ver lo que has hecho y me ayudar\u00e1n a entender tu propuesta y tu prop\u00f3sito. Una vez que vos hagas el trabajo en El Jard\u00edn, me tomar\u00e9 el tiempo para ver tu trabajo como si fuera tu amigo y finalmente te convocar\u00e9 a una entrevista presencial o virtual y charlaremos.  Es posible que te sugiera ejercicios tambi\u00e9n, con el prop\u00f3sito que logres tu objetivo. El oidor puede durar segun la propuesta dos horas o dos d\u00edas.  Ser\u00e1 intenso. Muy intenso y traer\u00e1 resultados. Una semana despues de nuestro encuentro te enviare una devoluci\u00f3n que te permita sentir que tu punto de partida a cambiado. <\/p>\n<\/div>\n<\/div>\n\n\n\n<figure class=\" wp-block-video eplus-wrapper\"><video controls poster=\"https:\/\/sergiomercurio.com.ar\/web\/wp-content\/uploads\/2019\/10\/banner-agujero-negro.jpg\" src=\"https:\/\/sergiomercurio.com.ar\/web\/wp-content\/uploads\/2023\/12\/Publicidaoidor-D-1-1.m4v\" class=\"no-lazyload\"><\/video><\/figure>\n\n\n\n<div class=\"wp-block-buttons eplus-wrapper is-horizontal is-content-justification-center is-layout-flex wp-container-core-buttons-is-layout-03627597 wp-block-buttons-is-layout-flex\">\n<div class=\" wp-block-button eplus-wrapper\"><a class=\"wp-block-button__link has-white-color has-vivid-red-background-color has-text-color has-background wp-element-button\" href=\"https:\/\/sergiomercurio.com.ar\/web\/contacto\/\" rel=\"https:\/\/sergiomercurio.com.ar\/web\/contacto\/\">solicitar tutor\u00eda<\/a><\/div>\n<\/div>\n\n\n\n<p class=\" has-text-align-center has-white-color has-text-color eplus-wrapper\">La Tutor\u00eda tiene un valor de<\/p>\n\n\n\n<p class=\" has-text-align-center has-white-color has-text-color eplus-wrapper\">100 d\u00f3lares <\/p>\n<\/div><\/div>\n\n\n\n<div style=\"height:100px\" aria-hidden=\"true\" class=\" wp-block-spacer eplus-wrapper\"><\/div>\n\n\n\n<h2 class=\" wp-block-heading eplus-wrapper\">Talleres y Cursos Grupales<\/h2>\n\n\n\n<hr class=\"is-style-wide wp-block-separator has-text-color has-black-color has-css-opacity has-black-background-color has-background eplus-wrapper\"\/>\n\n\n\n<div class=\" wp-block-cover aligncenter eplus-wrapper\"><span aria-hidden=\"true\" class=\"wp-block-cover__background has-background-dim-100 has-background-dim\" style=\"background-color:#2f3033\"><\/span><div class=\"wp-block-cover__inner-container is-layout-flow wp-block-cover-is-layout-flow\">\n<h2 class=\" wp-block-heading has-text-align-center eplus-wrapper\"><strong>La Seriedad del Humor. V\u00ednculos con la filosof\u00eda<\/strong><\/h2>\n\n\n\n<div class=\"wp-block-columns eplus-wrapper is-layout-flex wp-container-core-columns-is-layout-28f84493 wp-block-columns-is-layout-flex\">\n<div class=\"wp-block-column eplus-wrapper is-layout-flow wp-block-column-is-layout-flow\">\n<p class=\" eplus-wrapper\">Este taller intenta acercarse al humor con el prop\u00f3sito de descubrirlo en su totalidad, para poder encontrar el propio humor y potenciarlo. Desde lo corporal, lo musical, lo verbal, lo escrito, lo pl\u00e1stico &nbsp;Para eso lo encaremos seriamente &nbsp;tratando de indagarlo apoy\u00e1ndonos en la filosof\u00eda y la ciencia de un modo l\u00fadico.&nbsp;<\/p>\n<\/div>\n\n\n\n<div class=\"wp-block-column eplus-wrapper is-layout-flow wp-block-column-is-layout-flow\">\n<p class=\" eplus-wrapper\"><strong>El humor parece ser &nbsp;una t\u00e9cnica, o a lo sumo un g\u00e9nero menor<\/strong>. Para este taller el humor es una totalidad y debe ser tomado filos\u00f3ficamente.<\/p>\n\n\n\n<p class=\" eplus-wrapper\">Se leeran y compartiran Filosofos como Spinoza, Epicuro , Descartes y Rodolfo Kusch. &nbsp;<\/p>\n<\/div>\n<\/div>\n\n\n\n<figure class=\" wp-block-video eplus-wrapper\"><video controls src=\"https:\/\/sergiomercurio.com.ar\/web\/wp-content\/uploads\/2023\/12\/la_seriedad_de_que_va.mp4\"><\/video><\/figure>\n\n\n\n<div class=\"wp-block-buttons eplus-wrapper is-horizontal is-content-justification-center is-layout-flex wp-container-core-buttons-is-layout-03627597 wp-block-buttons-is-layout-flex\">\n<div class=\"is-style-fill wp-block-button eplus-wrapper\"><a class=\"wp-block-button__link has-white-color has-vivid-red-background-color has-text-color has-background wp-element-button\" href=\"https:\/\/sergiomercurio.com.ar\/web\/contacto\/\" rel=\"https:\/\/sergiomercurio.com.ar\/web\/contacto\/\">consultar<\/a><\/div>\n<\/div>\n\n\n\n<div class=\"wp-block-columns eplus-wrapper is-layout-flex wp-container-core-columns-is-layout-28f84493 wp-block-columns-is-layout-flex\">\n<div class=\"wp-block-column eplus-wrapper is-layout-flow wp-block-column-is-layout-flow\" style=\"flex-basis:66.66%\">\n<p class=\" has-text-align-center eplus-wrapper\"><strong>El curso tiene una duraci\u00f3n de 2 meses &#8211; 8 encuentros<\/strong><\/p>\n\n\n\n<p class=\" has-text-align-center eplus-wrapper\"><strong>Una videoconferencia grupal semanal de 2 horas que permanece grabada . Dos encuentros indivuales de 30 minutos<\/strong><\/p>\n\n\n\n<p class=\" has-text-align-center eplus-wrapper\">Trabajo de 6 horas semanales en EL JARDIN DE UI<strong> <\/strong><\/p>\n<\/div>\n\n\n\n<div class=\"wp-block-column eplus-wrapper is-layout-flow wp-block-column-is-layout-flow\" style=\"flex-basis:33.33%\">\n<p class=\" has-text-align-center eplus-wrapper\"><strong>Cupo 8 personas.<\/strong><\/p>\n\n\n\n<p class=\" has-text-align-center eplus-wrapper\">100 d\u00f3lares por mes<\/p>\n<\/div>\n<\/div>\n<\/div><\/div>\n\n\n\n<hr class=\"is-style-wide wp-block-separator has-text-color has-black-color has-css-opacity has-black-background-color has-background eplus-wrapper\"\/>\n\n\n\n<div class=\" wp-block-cover aligncenter eplus-wrapper\"><span aria-hidden=\"true\" class=\"wp-block-cover__background has-background-dim-100 has-background-dim\" style=\"background-color:#2f3033\"><\/span><div class=\"wp-block-cover__inner-container is-layout-flow wp-block-cover-is-layout-flow\">\n<h2 class=\" wp-block-heading has-text-align-center eplus-wrapper\"><strong>Para que escribir no sea un drama<\/strong><\/h2>\n\n\n\n<div class=\"wp-block-columns eplus-wrapper is-layout-flex wp-container-core-columns-is-layout-28f84493 wp-block-columns-is-layout-flex\">\n<div class=\"wp-block-column eplus-wrapper is-layout-flow wp-block-column-is-layout-flow\">\n<p class=\" has-cyan-bluish-gray-color has-text-color eplus-wrapper\">Este taller, intenta el modo. &nbsp;El modo de tu propia de escritura. No es un taller para analizar como escriben los grandes escritores. No es para se\u00f1alar que cosas est\u00e1n bien o mal en la escritura. Es un taller para tratar de conocer el propio modo de escribir &nbsp;y potenciarlo bajo la premisa de la constancia. Para ello compartiremos ejercicios y juegos donde la prioridad es el ejercicio de la escritura. Este taller contempla la posibilidad que escribas &nbsp;una obra <\/p>\n<\/div>\n\n\n\n<div class=\"wp-block-column eplus-wrapper is-layout-flow wp-block-column-is-layout-flow\">\n<p class=\" eplus-wrapper\"> de teatro, una pel\u00edcula o un libro. &nbsp;  Mejorar la forma de escribir. Escapando de recetas. Buscar la propia escritura. &nbsp;Encarar la dramaturgia sin drama. Este taller de dramaturgia aborda la construcci\u00f3n del di\u00e1logo. La creaci\u00f3n de im\u00e1genes. &nbsp;La escritura corporal. La creaci\u00f3n de im\u00e1genes. El objetivo de este curso es contar con el esqueleto de tu proyecto de escritura y tener partes definitivamente trabajadas.<\/p>\n<\/div>\n<\/div>\n\n\n\n<figure class=\" wp-block-video eplus-wrapper\"><video controls poster=\"https:\/\/sergiomercurio.com.ar\/web\/wp-content\/uploads\/2020\/09\/manoescribiendo.png\" src=\"https:\/\/sergiomercurio.com.ar\/web\/wp-content\/uploads\/2020\/09\/publicidadescritura.mp4\" class=\"no-lazyload\"><\/video><figcaption class=\"wp-element-caption\">Explicaci\u00f3n de taller de dramaturgia<\/figcaption><\/figure>\n\n\n\n<div class=\"wp-block-columns eplus-wrapper is-layout-flex wp-container-core-columns-is-layout-28f84493 wp-block-columns-is-layout-flex\">\n<div class=\"wp-block-column eplus-wrapper is-layout-flow wp-block-column-is-layout-flow\" style=\"flex-basis:66.66%\">\n<p class=\" has-text-align-center eplus-wrapper\"><strong>El curso tiene una duraci\u00f3n de 2 meses &#8211; 8 encuentros<\/strong><\/p>\n\n\n\n<p class=\" has-text-align-center eplus-wrapper\"><strong>Una videoconferencia grupal semanal de 2 horas que permanece grabada . Dos encuentros indivuales de 30 minutos<\/strong><\/p>\n\n\n\n<p class=\" has-text-align-center eplus-wrapper\">Trabajo de 6 horas semanales en EL JARDIN DE UI<strong> <\/strong><\/p>\n<\/div>\n\n\n\n<div class=\"wp-block-column eplus-wrapper is-layout-flow wp-block-column-is-layout-flow\" style=\"flex-basis:33.33%\">\n<p class=\" has-text-align-center eplus-wrapper\"><strong>Cupo 8 personas.<\/strong><\/p>\n\n\n\n<p class=\" has-text-align-center eplus-wrapper\">100 d\u00f3lares por mes<\/p>\n<\/div>\n<\/div>\n\n\n\n<div class=\"wp-block-buttons eplus-wrapper is-horizontal is-content-justification-center is-layout-flex wp-container-core-buttons-is-layout-03627597 wp-block-buttons-is-layout-flex\">\n<div class=\"is-style-fill wp-block-button eplus-wrapper\"><a class=\"wp-block-button__link has-white-color has-vivid-red-background-color has-text-color has-background wp-element-button\" href=\"https:\/\/sergiomercurio.com.ar\/web\/contacto\/\" rel=\"https:\/\/sergiomercurio.com.ar\/web\/contacto\/\">consultar<\/a><\/div>\n<\/div>\n\n\n\n<p class=\" eplus-wrapper\"><\/p>\n<\/div><\/div>\n\n\n\n<hr class=\"is-style-wide wp-block-separator has-text-color has-black-color has-css-opacity has-black-background-color has-background eplus-wrapper\"\/>\n\n\n\n\n<div class=\" wp-block-cover aligncenter eplus-wrapper\"><span aria-hidden=\"true\" class=\"wp-block-cover__background has-background-dim-100 has-background-dim\" style=\"background-color:#2f3033\"><\/span><div class=\"wp-block-cover__inner-container is-layout-flow wp-block-cover-is-layout-flow\">\n<h2 class=\" wp-block-heading has-text-align-center eplus-wrapper\">La Precisi\u00f3n en la Manipulaci\u00f3n<\/h2>\n\n\n\n<div class=\"wp-block-columns eplus-wrapper is-layout-flex wp-container-core-columns-is-layout-28f84493 wp-block-columns-is-layout-flex\">\n<div class=\"wp-block-column eplus-wrapper is-layout-flow wp-block-column-is-layout-flow\">\n<p class=\" has-cyan-bluish-gray-color has-text-color eplus-wrapper\">En el campo art\u00edstico la Manipulaci\u00f3n sigue siendo una mala palabra. &nbsp;Una palabra que no da prestigio. Solo en la ciencia la manipulaci\u00f3n es algo respetado. El tema es que ha habido demasiados casos de manipulaci\u00f3n boba o degradante. &nbsp;Hay demasiados casos donde la manipulaci\u00f3n se ve. De ah\u00ed viene que hasta hoy en d\u00eda, la frase \u00abser un t\u00edtere\u00bb significa ser manipulado delante de los dem\u00e1s donde todos se dan cuenta de la obviedad. La propuesta de este curso es abordar la manipulaci\u00f3n como una tarea creadora y no como una expresi\u00f3n de dominaci\u00f3n<\/p>\n<\/div>\n\n\n\n<div class=\"wp-block-column eplus-wrapper is-layout-flow wp-block-column-is-layout-flow\">\n<p class=\" eplus-wrapper\">. La propuesta conduce a un trabajo t\u00e9cnico de alta precisi\u00f3n con el objeto de llegar a la belleza. &nbsp;El camino hacia la belleza, hacia el encantamiento, hacia la piel de gallina en la manipulaci\u00f3n es la precisi\u00f3n. En este taller comparto los principios con los que he manipulado objetos durante 27 a\u00f1os. Es importante que sepas que en el comienzo de esta experiencia retroceder\u00e1s en tu trabajo, porque no voy a consolarte voy a pedirte que te esfuerces, que practiques con el objeto que dejes de pensar que est\u00e1s manipulando y que estas en situaci\u00f3n creadora.<\/p>\n<\/div>\n<\/div>\n\n\n\n<figure class=\" wp-block-video eplus-wrapper\"><video controls poster=\"https:\/\/sergiomercurio.com.ar\/web\/wp-content\/uploads\/2022\/09\/Velhos-32-scaled.jpg\" src=\"https:\/\/sergiomercurio.com.ar\/web\/wp-content\/uploads\/2022\/04\/Jardinmanipulacion-1.m4v\" class=\"no-lazyload\"><\/video><figcaption class=\"wp-element-caption\">La precisi\u00f3n de la manipulaci\u00f3n en EL JARDIN DE UI<\/figcaption><\/figure>\n\n\n\n<div class=\"wp-block-columns eplus-wrapper is-layout-flex wp-container-core-columns-is-layout-28f84493 wp-block-columns-is-layout-flex\">\n<div class=\"wp-block-column eplus-wrapper is-layout-flow wp-block-column-is-layout-flow\" style=\"flex-basis:66.66%\">\n<p class=\" has-text-align-center eplus-wrapper\"><strong>El curso tiene una duraci\u00f3n de 2 meses &#8211; 8 encuentros<\/strong><\/p>\n\n\n\n<p class=\" has-text-align-center eplus-wrapper\"><strong>Una videoconferencia grupal semanal de 2 horas que permanece grabada . Dos encuentros indivuales de 30 minutos<\/strong><\/p>\n\n\n\n<p class=\" has-text-align-center eplus-wrapper\">Trabajo de 4 horas semanales en EL JARDIN DE UI<strong> <\/strong><\/p>\n<\/div>\n\n\n\n<div class=\"wp-block-column eplus-wrapper is-layout-flow wp-block-column-is-layout-flow\" style=\"flex-basis:33.33%\">\n<p class=\" has-text-align-center eplus-wrapper\"><strong>Cupo 8 personas.<\/strong><\/p>\n\n\n\n<p class=\" has-text-align-center eplus-wrapper\">Costo 100 d\u00f3lares por mes<\/p>\n<\/div>\n<\/div>\n\n\n\n<div class=\"wp-block-buttons eplus-wrapper is-horizontal is-content-justification-center is-layout-flex wp-container-core-buttons-is-layout-03627597 wp-block-buttons-is-layout-flex\">\n<div class=\" wp-block-button eplus-wrapper\"><a class=\"wp-block-button__link has-white-color has-vivid-red-background-color has-text-color has-background wp-element-button\" href=\"https:\/\/sergiomercurio.com.ar\/web\/contacto\/\" rel=\"https:\/\/sergiomercurio.com.ar\/web\/contacto\/\">consultar<\/a><\/div>\n<\/div>\n<\/div><\/div>\n\n\n\n\n<hr class=\"is-style-wide wp-block-separator has-text-color has-black-color has-css-opacity has-black-background-color has-background eplus-wrapper\"\/>\n","protected":false},"excerpt":{"rendered":"<p>Talleres y Cursos | Presenciales &#8211; Virtuales | Individuales &#8211; Grupales En algunas palabras (Importante: Este jardim fala portugu\u00eas) \u00bfPor qu\u00e9 un Jard\u00edn? Este sitio no se llama escuela. Conozco mucha gente a quienes las universidades los han llenado de conceptos y miedo de buscarse. por eso, aunque t\u00e9cnicamente es algo parecido, no lo es. [&hellip;]<\/p>\n","protected":false},"author":1,"featured_media":8172,"parent":0,"menu_order":0,"comment_status":"closed","ping_status":"closed","template":"","meta":{"ngg_post_thumbnail":0,"footnotes":""},"categories":[62,1,5,10,335,329,52,99,89,4,78,94,77,64,63,66,282,51,270,48,315,88,104,107,95,96],"tags":[440,259,260,69,430,429,438,439,261],"class_list":["post-8453","page","type-page","status-publish","has-post-thumbnail","hentry","category-articulos","category-borrador","category-charlas-noticias","category-cositas","category-cronica-de-miedo","category-de-otros","category-dibujos","category-echado-de-la-libreria","category-ensayo-roberto-franco-cast","category-medios","category-estudiantes","category-formaciones","category-jardin-ui","category-libro","category-material-jardin","category-obras","category-pelotudeces","category-podcast","category-poesia","category-portada","category-relatos","category-roberto-franco","category-tekenika","category-tekenika-podcast","category-viejos","category-viejos-de-mi","tag-curso-de-teatro","tag-la-precision-en-la-manipulacion","tag-oidor","tag-sergio-mercurio","tag-sergio-mercurio-cursos","tag-taller-con-sergio-mercurio","tag-taller-de-manipulacion","tag-taller-retiro-sergio-mercurio","tag-talleres-online"],"_links":{"self":[{"href":"https:\/\/sergiomercurio.com.ar\/web\/wp-json\/wp\/v2\/pages\/8453","targetHints":{"allow":["GET"]}}],"collection":[{"href":"https:\/\/sergiomercurio.com.ar\/web\/wp-json\/wp\/v2\/pages"}],"about":[{"href":"https:\/\/sergiomercurio.com.ar\/web\/wp-json\/wp\/v2\/types\/page"}],"author":[{"embeddable":true,"href":"https:\/\/sergiomercurio.com.ar\/web\/wp-json\/wp\/v2\/users\/1"}],"replies":[{"embeddable":true,"href":"https:\/\/sergiomercurio.com.ar\/web\/wp-json\/wp\/v2\/comments?post=8453"}],"version-history":[{"count":0,"href":"https:\/\/sergiomercurio.com.ar\/web\/wp-json\/wp\/v2\/pages\/8453\/revisions"}],"wp:featuredmedia":[{"embeddable":true,"href":"https:\/\/sergiomercurio.com.ar\/web\/wp-json\/wp\/v2\/media\/8172"}],"wp:attachment":[{"href":"https:\/\/sergiomercurio.com.ar\/web\/wp-json\/wp\/v2\/media?parent=8453"}],"wp:term":[{"taxonomy":"category","embeddable":true,"href":"https:\/\/sergiomercurio.com.ar\/web\/wp-json\/wp\/v2\/categories?post=8453"},{"taxonomy":"post_tag","embeddable":true,"href":"https:\/\/sergiomercurio.com.ar\/web\/wp-json\/wp\/v2\/tags?post=8453"}],"curies":[{"name":"wp","href":"https:\/\/api.w.org\/{rel}","templated":true}]}}