{"id":9797,"date":"2021-06-28T16:59:17","date_gmt":"2021-06-28T19:59:17","guid":{"rendered":"https:\/\/sergiomercurio.com.ar\/web\/?page_id=9797"},"modified":"2024-01-14T15:54:52","modified_gmt":"2024-01-14T18:54:52","slug":"el-placer-de-la-escritura","status":"publish","type":"page","link":"https:\/\/sergiomercurio.com.ar\/web\/el-placer-de-la-escritura\/","title":{"rendered":"El Placer de la Escritura"},"content":{"rendered":"\n<p class=\"has-normal-font-size eplus-wrapper\">Este taller sucede los s\u00e1bados de 15 a 18 horas Argentina-Uruguay.  14 a 17 horas New York- Bolivia. 13 a 16 horas Ecuador. 14 a 17 horas Chile. 20 a 23 horas Europa<\/p>\n\n\n\n<div class=\"wp-block-columns eplus-wrapper is-layout-flex wp-container-core-columns-is-layout-28f84493 wp-block-columns-is-layout-flex\">\n<div class=\"wp-block-column eplus-wrapper is-layout-flow wp-block-column-is-layout-flow\">\n<p class=\"has-drop-cap has-medium-font-size eplus-wrapper\">Si no sab\u00e9s qu\u00e9 cosa ha sido  determinante a la hora de encontrar la explicaci\u00f3n de por qu\u00e9 no escrib\u00eds.<br><\/p>\n\n\n\n<p class=\"has-drop-cap has-medium-font-size eplus-wrapper\">Si alguien te ha juzgado mal<\/p>\n\n\n\n<p class=\"has-medium-font-size eplus-wrapper\">Si te han dicho que copias <\/p>\n\n\n\n<p class=\"has-medium-font-size eplus-wrapper\">que te falta vocabulario<\/p>\n\n\n\n<p class=\"has-medium-font-size eplus-wrapper\">que sos evidente<\/p>\n\n\n\n<p class=\"has-medium-font-size eplus-wrapper\">te han recomendado talleres y los has tomado<\/p>\n\n\n\n<p class=\"has-medium-font-size eplus-wrapper\">Si incluso has ido a la universidad y te has recibido en letras pero no podes escribir, entonces<\/p>\n\n\n\n<p class=\" eplus-wrapper\" style=\"font-size:58px\"><strong>necesitas este espacio<\/strong><\/p>\n<\/div>\n\n\n\n<div class=\"wp-block-column eplus-wrapper is-layout-flow wp-block-column-is-layout-flow\">\n<figure class=\"wp-block-image size-large eplus-wrapper\"><img fetchpriority=\"high\" decoding=\"async\" width=\"944\" height=\"1024\" src=\"https:\/\/sergiomercurio.com.ar\/web\/wp-content\/uploads\/2021\/06\/taller-944x1024.jpg\" alt=\"\" class=\"wp-image-9814 no-lazyload\" srcset=\"https:\/\/sergiomercurio.com.ar\/web\/wp-content\/uploads\/2021\/06\/taller-944x1024.jpg 944w, https:\/\/sergiomercurio.com.ar\/web\/wp-content\/uploads\/2021\/06\/taller-553x600.jpg 553w, https:\/\/sergiomercurio.com.ar\/web\/wp-content\/uploads\/2021\/06\/taller-768x833.jpg 768w, https:\/\/sergiomercurio.com.ar\/web\/wp-content\/uploads\/2021\/06\/taller-1416x1536.jpg 1416w, https:\/\/sergiomercurio.com.ar\/web\/wp-content\/uploads\/2021\/06\/taller-1888x2048.jpg 1888w\" sizes=\"(max-width: 944px) 100vw, 944px\" \/><\/figure>\n<\/div>\n<\/div>\n\n\n\n<figure class=\"wp-block-video eplus-wrapper\"><video autoplay controls poster=\"https:\/\/sergiomercurio.com.ar\/web\/wp-content\/uploads\/2021\/06\/background-Fallback-404.1.jpg\" preload=\"auto\" src=\"https:\/\/sergiomercurio.com.ar\/BKP260621\/wp-content\/uploads\/2021\/06\/Placer-1.m4v\" class=\"no-lazyload\"><\/video><figcaption>El Placer de la escritura<\/figcaption><\/figure>\n\n\n\n<h2 class=\"eplus-wrapper wp-block-heading\">Durante 3 horas, todos los s\u00e1bados encontrar\u00e1s un espacio que te facilitar\u00e1 las herramientas que necesitas para escribir y compartir lo que escribr\u00eds con quienes lo desees con confianza, con seguridad y sin miedo<\/h2>\n\n\n\n<div class=\"wp-block-group has-background eplus-wrapper is-layout-flow wp-block-group-is-layout-flow\" style=\"background-color:#2f3033\">\n<p class=\"has-text-align-center eplus-wrapper\">Ya estas a un click de conectarte con el placer de que tu imaginaci\u00f3n se conecte con tu mano y escribas los textos que siempre has querido escribir<\/p>\n\n\n\n<div class=\"wp-block-buttons is-content-justification-center eplus-wrapper is-layout-flex wp-block-buttons-is-layout-flex\">\n<div class=\"wp-block-button eplus-wrapper\"><a class=\"wp-block-button__link has-background\" href=\"https:\/\/sergiomercurio.com.ar\/web\/inscripcion-el-placer-de-la-escritura\/\" style=\"background-color:#1d730e\">Formulario de inscripci\u00f3n<\/a><\/div>\n<\/div>\n<\/div>\n","protected":false},"excerpt":{"rendered":"<p>Este taller sucede los s\u00e1bados de 15 a 18 horas Argentina-Uruguay. 14 a 17 horas New York- Bolivia. 13 a 16 horas Ecuador. 14 a 17 horas Chile. 20 a 23 horas Europa Si no sab\u00e9s qu\u00e9 cosa ha sido determinante a la hora de encontrar la explicaci\u00f3n de por qu\u00e9 no escrib\u00eds. Si alguien [&hellip;]<\/p>\n","protected":false},"author":1,"featured_media":0,"parent":0,"menu_order":0,"comment_status":"closed","ping_status":"closed","template":"","meta":{"ngg_post_thumbnail":0,"footnotes":""},"categories":[62,1,5,10,335,329,52,99,89,4,78,94,77,64,63,66,282,51,270,48,315,88,104,107,95,96],"tags":[],"class_list":["post-9797","page","type-page","status-publish","hentry","category-articulos","category-borrador","category-charlas-noticias","category-cositas","category-cronica-de-miedo","category-de-otros","category-dibujos","category-echado-de-la-libreria","category-ensayo-roberto-franco-cast","category-medios","category-estudiantes","category-formaciones","category-jardin-ui","category-libro","category-material-jardin","category-obras","category-pelotudeces","category-podcast","category-poesia","category-portada","category-relatos","category-roberto-franco","category-tekenika","category-tekenika-podcast","category-viejos","category-viejos-de-mi"],"_links":{"self":[{"href":"https:\/\/sergiomercurio.com.ar\/web\/wp-json\/wp\/v2\/pages\/9797","targetHints":{"allow":["GET"]}}],"collection":[{"href":"https:\/\/sergiomercurio.com.ar\/web\/wp-json\/wp\/v2\/pages"}],"about":[{"href":"https:\/\/sergiomercurio.com.ar\/web\/wp-json\/wp\/v2\/types\/page"}],"author":[{"embeddable":true,"href":"https:\/\/sergiomercurio.com.ar\/web\/wp-json\/wp\/v2\/users\/1"}],"replies":[{"embeddable":true,"href":"https:\/\/sergiomercurio.com.ar\/web\/wp-json\/wp\/v2\/comments?post=9797"}],"version-history":[{"count":0,"href":"https:\/\/sergiomercurio.com.ar\/web\/wp-json\/wp\/v2\/pages\/9797\/revisions"}],"wp:attachment":[{"href":"https:\/\/sergiomercurio.com.ar\/web\/wp-json\/wp\/v2\/media?parent=9797"}],"wp:term":[{"taxonomy":"category","embeddable":true,"href":"https:\/\/sergiomercurio.com.ar\/web\/wp-json\/wp\/v2\/categories?post=9797"},{"taxonomy":"post_tag","embeddable":true,"href":"https:\/\/sergiomercurio.com.ar\/web\/wp-json\/wp\/v2\/tags?post=9797"}],"curies":[{"name":"wp","href":"https:\/\/api.w.org\/{rel}","templated":true}]}}